{"id":485,"date":"2021-03-20T00:18:21","date_gmt":"2021-03-20T00:18:21","guid":{"rendered":"https:\/\/termoyopal.com.co\/web\/?page_id=485"},"modified":"2024-11-06T17:46:31","modified_gmt":"2024-11-06T17:46:31","slug":"politicas","status":"publish","type":"page","link":"https:\/\/termoyopal.com.co\/web\/politicas\/","title":{"rendered":"Pol\u00edticas"},"content":{"rendered":"<p>[et_pb_section fb_built=\u00bb1&#8243; fullwidth=\u00bbon\u00bb admin_label=\u00bbPage Header\u00bb _builder_version=\u00bb4.5.2&#8243; background_image=\u00bbhttps:\/\/termoyopal.com.co\/web\/wp-content\/uploads\/2021\/03\/planta-termo.jpg\u00bb][et_pb_fullwidth_header title=\u00bbPol\u00edticas\u00bb text_orientation=\u00bbcenter\u00bb admin_label=\u00bbHero Section\u00bb _builder_version=\u00bb4.5.2&#8243; title_font=\u00bbMontserrat|on|||\u00bb title_font_size=\u00bb60px\u00bb title_line_height=\u00bb1.4em\u00bb content_font_size=\u00bb22px\u00bb content_line_height=\u00bb1.8em\u00bb subhead_font=\u00bb||||\u00bb background_color=\u00bbrgba(255, 255, 255, 0)\u00bb use_background_color_gradient=\u00bbon\u00bb background_color_gradient_start=\u00bbrgba(73,142,188,0.29)\u00bb background_color_gradient_end=\u00bbrgba(107,156,188,0.29)\u00bb custom_button_one=\u00bbon\u00bb button_one_text_size=\u00bb16px\u00bb button_one_bg_color=\u00bb#6eba01&#8243; button_one_border_width=\u00bb2px\u00bb button_one_border_color=\u00bb#6eba01&#8243; button_one_border_radius=\u00bb0&#8243; button_one_letter_spacing=\u00bb2&#8243; button_one_font=\u00bbMontserrat|||on|\u00bb button_one_use_icon=\u00bboff\u00bb custom_button_two=\u00bbon\u00bb button_two_text_size=\u00bb16px\u00bb button_two_border_width=\u00bb2px\u00bb button_two_border_color=\u00bb#ffffff\u00bb button_two_border_radius=\u00bb0&#8243; button_two_letter_spacing=\u00bb2&#8243; button_two_font=\u00bbMontserrat|||on|\u00bb button_two_use_icon=\u00bboff\u00bb module_alignment=\u00bbleft\u00bb animation_style=\u00bbfade\u00bb title_font_size_tablet=\u00bb\u00bb title_font_size_phone=\u00bb36px\u00bb title_font_size_last_edited=\u00bbon|phone\u00bb button_one_text_color_hover=\u00bb#6eba01&#8243; button_two_text_color_hover=\u00bb#6eba01&#8243; button_one_border_color_hover=\u00bb#ffffff\u00bb button_two_border_color_hover=\u00bb#ffffff\u00bb button_one_border_radius_hover=\u00bb0&#8243; button_two_border_radius_hover=\u00bb0&#8243; button_one_letter_spacing_hover=\u00bb2&#8243; button_two_letter_spacing_hover=\u00bb2&#8243; button_one_bg_color_hover=\u00bb#ffffff\u00bb button_two_bg_color_hover=\u00bb#ffffff\u00bb button_one_text_size__hover_enabled=\u00bboff\u00bb button_two_text_size__hover_enabled=\u00bboff\u00bb button_one_text_color__hover_enabled=\u00bbon\u00bb button_one_text_color__hover=\u00bb#6eba01&#8243; button_two_text_color__hover_enabled=\u00bbon\u00bb button_two_text_color__hover=\u00bb#6eba01&#8243; button_one_border_width__hover_enabled=\u00bboff\u00bb button_two_border_width__hover_enabled=\u00bboff\u00bb button_one_border_color__hover_enabled=\u00bbon\u00bb button_one_border_color__hover=\u00bb#ffffff\u00bb button_two_border_color__hover_enabled=\u00bbon\u00bb button_two_border_color__hover=\u00bb#ffffff\u00bb button_one_border_radius__hover_enabled=\u00bbon\u00bb button_one_border_radius__hover=\u00bb0&#8243; button_two_border_radius__hover_enabled=\u00bbon\u00bb button_two_border_radius__hover=\u00bb0&#8243; button_one_letter_spacing__hover_enabled=\u00bbon\u00bb button_one_letter_spacing__hover=\u00bb2&#8243; button_two_letter_spacing__hover_enabled=\u00bbon\u00bb button_two_letter_spacing__hover=\u00bb2&#8243; button_one_bg_color__hover_enabled=\u00bbon\u00bb button_one_bg_color__hover=\u00bb#ffffff\u00bb button_two_bg_color__hover_enabled=\u00bbon\u00bb button_two_bg_color__hover=\u00bb#ffffff\u00bb][\/et_pb_fullwidth_header][\/et_pb_section][et_pb_section fb_built=\u00bb1&#8243; admin_label=\u00bbServices\u00bb _builder_version=\u00bb3.22&#8243; custom_padding=\u00bb40px||40px|||\u00bb locked=\u00bboff\u00bb][et_pb_row column_structure=\u00bb1_4,3_4&#8243; _builder_version=\u00bb3.25&#8243; background_size=\u00bbinitial\u00bb background_position=\u00bbtop_left\u00bb background_repeat=\u00bbrepeat\u00bb custom_width_px=\u00bb710px\u00bb][et_pb_column type=\u00bb1_4&#8243; _builder_version=\u00bb3.25&#8243; background_position=\u00bbtop_left\u00bb custom_padding=\u00bb|||\u00bb custom_padding__hover=\u00bb|||\u00bb][et_pb_divider divider_weight=\u00bb3px\u00bb disabled_on=\u00bboff|off|off\u00bb _builder_version=\u00bb4.5.2&#8243; background_color_gradient_direction=\u00bb90deg\u00bb max_width=\u00bb100px\u00bb module_alignment=\u00bbleft\u00bb height=\u00bb5px\u00bb custom_margin=\u00bb||20px|\u00bb custom_padding=\u00bb||20px|\u00bb animation_style=\u00bbslide\u00bb animation_direction=\u00bbbottom\u00bb saved_tabs=\u00bball\u00bb locked=\u00bboff\u00bb][\/et_pb_divider][et_pb_sidebar _builder_version=\u00bb4.5.2&#8243; _module_preset=\u00bbdefault\u00bb header_text_color=\u00bb#0072bc\u00bb body_font=\u00bbMontserrat||||||||\u00bb body_text_color=\u00bb#76b143&#8243; body_font_size=\u00bb17px\u00bb][\/et_pb_sidebar][\/et_pb_column][et_pb_column type=\u00bb3_4&#8243; _builder_version=\u00bb3.25&#8243; background_position=\u00bbtop_left\u00bb custom_padding=\u00bb|||\u00bb custom_padding__hover=\u00bb|||\u00bb][et_pb_text _builder_version=\u00bb4.5.2&#8243; _module_preset=\u00bbdefault\u00bb]<\/p>\n<p><a href=\"https:\/\/termoyopal.com.co\/web\/\">INICIO<\/a> &gt; <a href=\"https:\/\/termoyopal.com.co\/web\/clientes-y-proveedores\/\">Clientes y Proveedores<\/a> &gt; Gesti\u00f3n integral &gt; Pol\u00edticas<\/p>\n<p>[\/et_pb_text][et_pb_tabs _builder_version=\u00bb4.5.2&#8243; _module_preset=\u00bbdefault\u00bb hover_enabled=\u00bb0&#8243;][et_pb_tab title=\u00bbSistema integrado de gesti\u00f3n\u00bb _builder_version=\u00bb4.5.2&#8243; _module_preset=\u00bbdefault\u00bb body_text_align=\u00bbcenter\u00bb hover_enabled=\u00bb0&#8243;]<embed src=\"https:\/\/termoyopal.com.co\/wp-content\/uploads\/2024\/11\/POL\u00cdTICA DEL SISTEMA INTEGRADO DE GESTION - HSEQ oct 2024 (1).pdf\" width=\"500\" height=\"375\" \/>[\/et_pb_tab][et_pb_tab title=\u00bbUso y restricciones de celulares\u00bb _builder_version=\u00bb4.5.2&#8243; _module_preset=\u00bbdefault\u00bb body_text_align=\u00bbcenter\u00bb]<embed src=\"https:\/\/termoyopal.com.co\/web\/wp-content\/uploads\/2021\/03\/POLITICA-DE-USO-Y-RESTRICCION-DE-CELULARES-V3-TYG2.pdf\" width=\"500\" height=\"375\">[\/et_pb_tab][et_pb_tab title=\u00bbSeguridad vial\u00bb _builder_version=\u00bb4.5.2&#8243; _module_preset=\u00bbdefault\u00bb body_text_align=\u00bbcenter\u00bb]<embed src=\"https:\/\/termoyopal.com.co\/web\/wp-content\/uploads\/2021\/03\/POLITICA-DE-SEGURIDAD-VIAL-V2-TYG2.pdf\" width=\"500\" height=\"375\">[\/et_pb_tab][et_pb_tab title=\u00bbNo alcohol, drogas y tabaquismo\u00bb _builder_version=\u00bb4.5.2&#8243; _module_preset=\u00bbdefault\u00bb body_text_align=\u00bbcenter\u00bb]<embed src=\"https:\/\/termoyopal.com.co\/web\/wp-content\/uploads\/2021\/03\/POLITICA-DE-NO-ALCOHOL-DROGAS-Y-TABAQUISMO-V3-MAYO-2019.pdf\" width=\"500\" height=\"375\">[\/et_pb_tab][et_pb_tab title=\u00bbComunicaciones\u00bb _builder_version=\u00bb4.5.2&#8243; _module_preset=\u00bbdefault\u00bb]<\/p>\n<p><span>La presente Pol\u00edtica tiene como objetivo establecer las directrices que garanticen el uso seguro de tel\u00e9fonos celulares y radios de comunicaci\u00f3n dentro de las plantas de producci\u00f3n de Termoyopal y durante la conducci\u00f3n de veh\u00edculos al servicio de la compa\u00f1\u00eda. Objetivo: reducir los riesgos generados por la utilizaci\u00f3n de los equipos mencionados en \u00e1reas de proceso y por la distracci\u00f3n que generan. El uso y la restricci\u00f3n de estos equipos ser\u00e1 como sigue:<\/span><\/p>\n<p>&nbsp;<\/p>\n<p>USO:<br \/>En Conducci\u00f3n: se permite la utilizaci\u00f3n de celulares durante la conducci\u00f3n de veh\u00edculos siempre que use alg\u00fan tipo de dispositivo manos libres. En el caso de los radios de comunicaciones estos se podr\u00e1n usar sin restricciones. En Instalaciones Industriales de Termoyopal: solo se permite el uso de celulares y radios de comunicaci\u00f3n en \u00e1reas administrativas de las plantas de producci\u00f3n y en \u00e1reas comunes de las mismas (oficinas, comedores, etc.). Se permite el uso de radios de comunicaci\u00f3n en las \u00e1reas de proceso, siempre que estos sean de seguridad intr\u00ednseca.<\/p>\n<p>RESTRICCI\u00d3N:<br \/>Tel\u00e9fonos celulares: En las \u00e1reas de proceso clasificadas de las plantas de Termoyopal, se proh\u00edbe su uso a los empleados; en caso de portarlos deben estar apagados. Para el resto de personas que vayan a circular por la planta, ya sean contratistas, proveedores o visitantes, los equipos se deben dejar en los casilleros de la porter\u00eda de la respectiva planta.<\/p>\n<p>Radios de comunicaci\u00f3n: no hay restricci\u00f3n del uso de \u00e9stos, siempre que cuenten con la caracter\u00edstica de seguridad.<\/p>\n<p>La verificaci\u00f3n del cumplimiento de la presente Pol\u00edtica, ser\u00e1 responsabilidad del personal de HSEQ y de cada uno de los Jefes de Planta.<\/p>\n<p>La presente pol\u00edtica deber\u00e1 ser divulgada en todas las \u00e1reas y a todo el personal directo, contratista y visitante de Termoyopal por el equipo de HSEQ, en el proceso de inducci\u00f3n, y por cualquier funcionario de Termoyopal encargado de atender al personal mencionado.<\/p>\n<p>Las restricciones de uso de celulares deber\u00e1n ser informadas previamente por el funcionario de Termoyopal responsable de los visitantes o de los contratistas.<\/p>\n<p>[\/et_pb_tab][et_pb_tab title=\u00bbPlan de continuidad\u00bb _builder_version=\u00bb4.5.2&#8243; _module_preset=\u00bbdefault\u00bb]<\/p>\n<p><span>A TODOS LOS COLABORADORES, TRABAJADORES, CONTRATISTAS, PROVEEDORES, VISITANTES Y DEM\u00c1S PERSONAL DEL GRUPO TERMOYOPAL.<\/span><\/p>\n<p>&nbsp;<\/p>\n<p>El Grupo Termoyopal, consciente de la responsabilidad que tiene para con sus colaboradores, con sus clientes, proveedores, procesos, el medio ambiente y para con la sociedad, se compromete a seguir trabajando en los Sistemas y Planes de Continuidad del Negocio, de Seguridad, Salud Ocupacional, Seguridad Industrial, Manejo Ambiental, Manejo de la Informaci\u00f3n, de Calidad, Proveedores, Apoyo a la Comunidad, etc., existentes en este momento en la Compa\u00f1\u00eda.<br \/>La Gerencia, en ese sentido y espec\u00edficamente hablando del Plan de Continuidad del Negocio, se compromete a apoyar todas las actividades que est\u00e1n enfocadas en fortalecer estos sistemas y planes y espec\u00edficamente el de Continuidad, antes mencionado. En el tema de Continuidad, la Gerencia pretende definir la pol\u00edtica de continuidad del negocio, as\u00ed como los procedimientos de prevenci\u00f3n, mitigaci\u00f3n, prevenci\u00f3n y respuesta, incluyendo la estructura organizativa, las responsabilidades, las pr\u00e1cticas, los procedimientos, los procesos y los recursos para llevar a cabo dicha pol\u00edtica.<br \/>Es importante destacar que como en cualquier sistema de gesti\u00f3n, para el Plan de Continuidad, uno de los principios b\u00e1sicos es que sea documentado. Esto permite disponer de los procedimientos y protocolos claros, necesarios para establecer la manera correcta de realizar determinadas actividades o tareas, que son del todo necesarias para minimizar la posibilidad de cualquier situaci\u00f3n de crisis. Esto se lograr\u00e1 mediante los adecuados registros documentales, la medici\u00f3n de resultados y par\u00e1metros de las actividades realizadas para alcanzarlos.<br \/>Este planear, hacer, verificar y actuar en el Plan de Continuidad, permitir\u00e1 a la Organizaci\u00f3n asegurar el logro de las accion\u00e9s que se le exigen, en cada uno de los campos anotados as\u00ed como lo que la sociedad le solicita, asegurando con ello, su supervivencia y la de todos sus procesos.<\/p>\n<p>Los elementos fundamentales del plan de continuidad son:<\/p>\n<p>Apoyo de la Direcci\u00f3n para el Inicio y Administraci\u00f3n del Proyecto y del Plan.<br \/>Evaluaci\u00f3n, An\u00e1lisis y Control de Riesgos.<br \/>An\u00e1lisis de Impacto al Negocio.<br \/>Desarrollo de Estrategias de Administraci\u00f3n de la Continuidad del Negocio y de Recuperaci\u00f3n ante Desastres (DR por sus siglas en ingl\u00e9s).<br \/>Preparaci\u00f3n y Respuesta de Emergencias y Crisis.<br \/>Comunicaci\u00f3n de Crisis.<br \/>Coordinaci\u00f3n con Autoridades Externas.<br \/>Desarrollo e Implementaci\u00f3n de Planes.<br \/>Programas de Concientizaci\u00f3n y Capacitaci\u00f3n.<br \/>Programas de Pruebas, Mantenimiento y Actualizaci\u00f3n de Planes.<br \/>Esta Gerencia por ende, invita a todo el Grupo, a los colaboradores, trabajadores, proveedores, contratistas y visitantes, a participar de este compromiso y a encauzar sus actividades en torno a este plan, fij\u00e1ndose el objetivo \u00fanico de tener una organizaci\u00f3n fortalecida y preparada, que puede ser capaz de salir avante ante cualquier evento que pueda ocurrir y la pueda afectar.<\/p>\n<p>Oiga Beatriz Callejas<br \/>Gerente General<br \/>GRUPO TERMOYOPAL.<\/p>\n<p>[\/et_pb_tab][et_pb_tab title=\u00bbGesti\u00f3n de riesgos\u00bb _builder_version=\u00bb4.5.2&#8243; _module_preset=\u00bbdefault\u00bb]<\/p>\n<p>Pol\u00edtica Corporativa de Riesgos<\/p>\n<p>La Junta Directiva, la Alta Direcci\u00f3n y los empleados del Grupo Termoyopal, con el fin de alcanzar los objetivos estrat\u00e9gicos y en cumplimiento del prop\u00f3sito de ser un negocio sostenible, s\u00f3lido y rentable que genera valor a todos sus grupos de inter\u00e9s, gestionan de forma integral los riesgos inherentes a la organizaci\u00f3n y est\u00e1n comprometidos con:<\/p>\n<ul>\n<li>La lucha permanente contra el riesgo de lavado de activos y financiaci\u00f3n del terrorismo y sus delitos subyacentes, rechazando cualquier actividad o conducta delictiva y ejerciendo oportuna y eficazmente acciones de prevenci\u00f3n, detecci\u00f3n y reporte.<\/li>\n<li>El mantenimiento de un programa anticorrupci\u00f3n, \u00e9tica y cumplimiento, donde se adopta una posici\u00f3n de cero tolerancia a la corrupci\u00f3n en todas sus formas, en el contexto nacional e internacional, promoviendo la transparencia y el comportamiento \u00e9tico.<\/li>\n<li>La implementaci\u00f3n de lineamientos para la prevenci\u00f3n y resoluci\u00f3n de los conflictos de intereses en la ejecuci\u00f3n de los procesos.<\/li>\n<li>La integraci\u00f3n del proceso de gesti\u00f3n de riesgos de tipo estrat\u00e9gico, operativo, legal, reputacional y financiero, en todas las pr\u00e1cticas, procesos y planes del Grupo Termoyopal.<\/li>\n<li>El mantenimiento de un plan de continuidad del negocio y manejo de crisis, que permita gestionar adecuadamente una contingencia antes, durante y despu\u00e9s de que se presente, minimizando sus impactos negativos y protegiendo adecuadamente la reputaci\u00f3n corporativa.<\/li>\n<li>La administraci\u00f3n de la seguridad de la informaci\u00f3n que propenda por la integridad, disponibilidad y confidencialidad de la informaci\u00f3n y que minimice la posibilidad de ser v\u00edctimas de un ciberataque.<\/li>\n<\/ul>\n<p>Todo lo anterior, garantizando la disposici\u00f3n de los recursos necesarios para la gesti\u00f3n, la confidencialidad de la informaci\u00f3n y cumpliendo de forma estricta con: la normatividad de determinados sistemas de administraci\u00f3n de riesgos, metodolog\u00edas de reconocido valor t\u00e9cnico en materia de gesti\u00f3n de riesgos y las normas y procedimientos internos que se implementen.<\/p>\n<p>Esta pol\u00edtica ser\u00e1 comunicada y estar\u00e1 disponible a las partes interesadas. Adicionalmente, se revisar\u00e1 peri\u00f3dicamente y las acciones que se deriven para el cumplimiento de la misma, estar\u00e1n orientadas al mejoramiento continuo y sujeto a la rendici\u00f3n de cuentas y medici\u00f3n de su desempe\u00f1o.<\/p>\n<p>[\/et_pb_tab][\/et_pb_tabs][et_pb_code _builder_version=\u00bb4.5.2&#8243; _module_preset=\u00bbdefault\u00bb][\/et_pb_code][\/et_pb_column][\/et_pb_row][\/et_pb_section]<\/p>\n","protected":false},"excerpt":{"rendered":"<p>[et_pb_section fb_built=\u00bb1&#8243; fullwidth=\u00bbon\u00bb admin_label=\u00bbPage Header\u00bb _builder_version=\u00bb4.5.2&#8243; background_image=\u00bbhttps:\/\/termoyopal.com.co\/web\/wp-content\/uploads\/2021\/03\/planta-termo.jpg\u00bb][et_pb_fullwidth_header title=\u00bbPol\u00edticas\u00bb text_orientation=\u00bbcenter\u00bb admin_label=\u00bbHero Section\u00bb _builder_version=\u00bb4.5.2&#8243; title_font=\u00bbMontserrat|on|||\u00bb title_font_size=\u00bb60px\u00bb title_line_height=\u00bb1.4em\u00bb content_font_size=\u00bb22px\u00bb content_line_height=\u00bb1.8em\u00bb subhead_font=\u00bb||||\u00bb background_color=\u00bbrgba(255, 255, 255, 0)\u00bb use_background_color_gradient=\u00bbon\u00bb background_color_gradient_start=\u00bbrgba(73,142,188,0.29)\u00bb background_color_gradient_end=\u00bbrgba(107,156,188,0.29)\u00bb custom_button_one=\u00bbon\u00bb button_one_text_size=\u00bb16px\u00bb button_one_bg_color=\u00bb#6eba01&#8243; button_one_border_width=\u00bb2px\u00bb button_one_border_color=\u00bb#6eba01&#8243; button_one_border_radius=\u00bb0&#8243; button_one_letter_spacing=\u00bb2&#8243; button_one_font=\u00bbMontserrat|||on|\u00bb button_one_use_icon=\u00bboff\u00bb custom_button_two=\u00bbon\u00bb button_two_text_size=\u00bb16px\u00bb button_two_border_width=\u00bb2px\u00bb button_two_border_color=\u00bb#ffffff\u00bb button_two_border_radius=\u00bb0&#8243; button_two_letter_spacing=\u00bb2&#8243; button_two_font=\u00bbMontserrat|||on|\u00bb button_two_use_icon=\u00bboff\u00bb module_alignment=\u00bbleft\u00bb animation_style=\u00bbfade\u00bb title_font_size_tablet=\u00bb\u00bb title_font_size_phone=\u00bb36px\u00bb title_font_size_last_edited=\u00bbon|phone\u00bb button_one_text_color_hover=\u00bb#6eba01&#8243; button_two_text_color_hover=\u00bb#6eba01&#8243; button_one_border_color_hover=\u00bb#ffffff\u00bb button_two_border_color_hover=\u00bb#ffffff\u00bb button_one_border_radius_hover=\u00bb0&#8243; button_two_border_radius_hover=\u00bb0&#8243; button_one_letter_spacing_hover=\u00bb2&#8243; button_two_letter_spacing_hover=\u00bb2&#8243; [&hellip;]<\/p>\n","protected":false},"author":1,"featured_media":0,"parent":0,"menu_order":0,"comment_status":"closed","ping_status":"closed","template":"","meta":{"_et_pb_use_builder":"on","_et_pb_old_content":"","_et_gb_content_width":"","footnotes":""},"class_list":["post-485","page","type-page","status-publish","hentry"],"_links":{"self":[{"href":"https:\/\/termoyopal.com.co\/web\/wp-json\/wp\/v2\/pages\/485","targetHints":{"allow":["GET"]}}],"collection":[{"href":"https:\/\/termoyopal.com.co\/web\/wp-json\/wp\/v2\/pages"}],"about":[{"href":"https:\/\/termoyopal.com.co\/web\/wp-json\/wp\/v2\/types\/page"}],"author":[{"embeddable":true,"href":"https:\/\/termoyopal.com.co\/web\/wp-json\/wp\/v2\/users\/1"}],"replies":[{"embeddable":true,"href":"https:\/\/termoyopal.com.co\/web\/wp-json\/wp\/v2\/comments?post=485"}],"version-history":[{"count":7,"href":"https:\/\/termoyopal.com.co\/web\/wp-json\/wp\/v2\/pages\/485\/revisions"}],"predecessor-version":[{"id":1719,"href":"https:\/\/termoyopal.com.co\/web\/wp-json\/wp\/v2\/pages\/485\/revisions\/1719"}],"wp:attachment":[{"href":"https:\/\/termoyopal.com.co\/web\/wp-json\/wp\/v2\/media?parent=485"}],"curies":[{"name":"wp","href":"https:\/\/api.w.org\/{rel}","templated":true}]}}