{"id":1268,"date":"2022-09-26T23:07:01","date_gmt":"2022-09-26T23:07:01","guid":{"rendered":"https:\/\/termoyopal.com.co\/web\/?page_id=1268"},"modified":"2024-05-16T19:15:31","modified_gmt":"2024-05-16T19:15:31","slug":"entidades-de-vigilancia-y-control","status":"publish","type":"page","link":"https:\/\/termoyopal.com.co\/web\/entidades-de-vigilancia-y-control\/","title":{"rendered":"Entidades de vigilancia y control"},"content":{"rendered":"<p>[et_pb_section fb_built=\u00bb1&#8243; fullwidth=\u00bbon\u00bb admin_label=\u00bbPage Header\u00bb _builder_version=\u00bb4.5.2&#8243; background_image=\u00bbhttps:\/\/termoyopal.com.co\/web\/wp-content\/uploads\/2021\/03\/planta-termo.jpg\u00bb][et_pb_fullwidth_header title=\u00bbEntidades de vigilancia y control\u00bb text_orientation=\u00bbcenter\u00bb admin_label=\u00bbHero Section\u00bb _builder_version=\u00bb4.5.2&#8243; title_font=\u00bbMontserrat|on|||\u00bb title_font_size=\u00bb60px\u00bb title_line_height=\u00bb1.4em\u00bb content_font_size=\u00bb22px\u00bb content_line_height=\u00bb1.8em\u00bb subhead_font=\u00bb||||\u00bb background_color=\u00bbrgba(255, 255, 255, 0)\u00bb use_background_color_gradient=\u00bbon\u00bb background_color_gradient_start=\u00bbrgba(73,142,188,0.29)\u00bb background_color_gradient_end=\u00bbrgba(107,156,188,0.29)\u00bb custom_button_one=\u00bbon\u00bb button_one_text_size=\u00bb16px\u00bb button_one_bg_color=\u00bb#6eba01&#8243; button_one_border_width=\u00bb2px\u00bb button_one_border_color=\u00bb#6eba01&#8243; button_one_border_radius=\u00bb0&#8243; button_one_letter_spacing=\u00bb2&#8243; button_one_font=\u00bbMontserrat|||on|\u00bb button_one_use_icon=\u00bboff\u00bb custom_button_two=\u00bbon\u00bb button_two_text_size=\u00bb16px\u00bb button_two_border_width=\u00bb2px\u00bb button_two_border_color=\u00bb#ffffff\u00bb button_two_border_radius=\u00bb0&#8243; button_two_letter_spacing=\u00bb2&#8243; button_two_font=\u00bbMontserrat|||on|\u00bb button_two_use_icon=\u00bboff\u00bb module_alignment=\u00bbleft\u00bb animation_style=\u00bbfade\u00bb button_one_text_color_hover=\u00bb#6eba01&#8243; button_two_text_color_hover=\u00bb#6eba01&#8243; button_one_border_color_hover=\u00bb#ffffff\u00bb button_two_border_color_hover=\u00bb#ffffff\u00bb button_one_border_radius_hover=\u00bb0&#8243; button_two_border_radius_hover=\u00bb0&#8243; button_one_letter_spacing_hover=\u00bb2&#8243; button_two_letter_spacing_hover=\u00bb2&#8243; button_one_bg_color_hover=\u00bb#ffffff\u00bb button_two_bg_color_hover=\u00bb#ffffff\u00bb button_one_text_size__hover_enabled=\u00bboff\u00bb button_two_text_size__hover_enabled=\u00bboff\u00bb button_one_text_color__hover_enabled=\u00bbon\u00bb button_one_text_color__hover=\u00bb#6eba01&#8243; button_two_text_color__hover_enabled=\u00bbon\u00bb button_two_text_color__hover=\u00bb#6eba01&#8243; button_one_border_width__hover_enabled=\u00bboff\u00bb button_two_border_width__hover_enabled=\u00bboff\u00bb button_one_border_color__hover_enabled=\u00bbon\u00bb button_one_border_color__hover=\u00bb#ffffff\u00bb button_two_border_color__hover_enabled=\u00bbon\u00bb button_two_border_color__hover=\u00bb#ffffff\u00bb button_one_border_radius__hover_enabled=\u00bbon\u00bb button_one_border_radius__hover=\u00bb0&#8243; button_two_border_radius__hover_enabled=\u00bbon\u00bb button_two_border_radius__hover=\u00bb0&#8243; button_one_letter_spacing__hover_enabled=\u00bbon\u00bb button_one_letter_spacing__hover=\u00bb2&#8243; button_two_letter_spacing__hover_enabled=\u00bbon\u00bb button_two_letter_spacing__hover=\u00bb2&#8243; button_one_bg_color__hover_enabled=\u00bbon\u00bb button_one_bg_color__hover=\u00bb#ffffff\u00bb button_two_bg_color__hover_enabled=\u00bbon\u00bb button_two_bg_color__hover=\u00bb#ffffff\u00bb][\/et_pb_fullwidth_header][\/et_pb_section][et_pb_section fb_built=\u00bb1&#8243; admin_label=\u00bbServices\u00bb _builder_version=\u00bb3.22&#8243; custom_padding=\u00bb40px||40px|||\u00bb locked=\u00bboff\u00bb][et_pb_row column_structure=\u00bb1_4,3_4&#8243; _builder_version=\u00bb3.25&#8243; background_size=\u00bbinitial\u00bb background_position=\u00bbtop_left\u00bb background_repeat=\u00bbrepeat\u00bb custom_width_px=\u00bb710px\u00bb][et_pb_column type=\u00bb1_4&#8243; _builder_version=\u00bb3.25&#8243; background_position=\u00bbtop_left\u00bb custom_padding=\u00bb|||\u00bb custom_padding__hover=\u00bb|||\u00bb][et_pb_divider divider_weight=\u00bb3px\u00bb disabled_on=\u00bboff|off|off\u00bb _builder_version=\u00bb4.5.2&#8243; background_color_gradient_direction=\u00bb90deg\u00bb max_width=\u00bb100px\u00bb module_alignment=\u00bbleft\u00bb height=\u00bb5px\u00bb custom_margin=\u00bb||20px|\u00bb custom_padding=\u00bb||20px|\u00bb animation_style=\u00bbslide\u00bb animation_direction=\u00bbbottom\u00bb saved_tabs=\u00bball\u00bb locked=\u00bboff\u00bb][\/et_pb_divider][et_pb_sidebar _builder_version=\u00bb4.5.2&#8243; _module_preset=\u00bbdefault\u00bb header_text_color=\u00bb#0072bc\u00bb body_font=\u00bbMontserrat||||||||\u00bb body_text_color=\u00bb#76b143&#8243; body_font_size=\u00bb17px\u00bb][\/et_pb_sidebar][\/et_pb_column][et_pb_column type=\u00bb3_4&#8243; _builder_version=\u00bb3.25&#8243; background_position=\u00bbtop_left\u00bb custom_padding=\u00bb|||\u00bb custom_padding__hover=\u00bb|||\u00bb][et_pb_text _builder_version=\u00bb4.5.2&#8243; _module_preset=\u00bbdefault\u00bb]<\/p>\n<p><a href=\"https:\/\/termoyopal.com.co\/web\/\">INICIO<\/a> &gt; Entidades que ejercen vigilancia y control<\/p>\n<p>[\/et_pb_text][et_pb_text admin_label=\u00bbServices Section Subtitle\u00bb _builder_version=\u00bb4.5.2&#8243; text_font=\u00bbArial||||||||\u00bb text_line_height=\u00bb1.9em\u00bb background_size=\u00bbinitial\u00bb background_position=\u00bbtop_left\u00bb background_repeat=\u00bbrepeat\u00bb text_orientation=\u00bbjustified\u00bb max_width=\u00bb710px\u00bb module_alignment=\u00bbcenter\u00bb animation_style=\u00bbfold\u00bb animation_direction=\u00bbbottom\u00bb animation_intensity_fold=\u00bb20%\u00bb inline_fonts=\u00bbArial\u00bb]<\/p>\n<p><span style=\"font-weight: 400;\">Entidades<\/span><span style=\"font-weight: 400;\"> que ejercen vigilancia y control sobre Termoyopal Generaci\u00f3n 2 SAS ESP, Central Termoel\u00e9ctrica el Morro 2 SAS ESP y TY GAS SAS ESP.<\/span><\/p>\n<p>[\/et_pb_text][et_pb_text _builder_version=\u00bb4.5.2&#8243; _module_preset=\u00bbdefault\u00bb hover_enabled=\u00bb0&#8243;]<\/p>\n<p>&nbsp;<\/p>\n<table style=\"width: 721px; height: 1395px;\" height=\"1395\">\n<tbody>\n<tr style=\"width: 500px;\">\n<td style=\"width: 181.328px; text-align: center;\"><span>Entidad de Control<\/span><\/td>\n<td style=\"width: 221.219px;\"><span>Link<\/span><\/td>\n<td style=\"width: 271.312px;\"><span><em>Datos<\/em> de contacto<\/span><\/td>\n<td style=\"width: 175.625px;\"><span style=\"font-weight: 300;\">Tipo de control que ejerce<\/span><\/td>\n<\/tr>\n<tr style=\"width: 500px;\">\n<td style=\"width: 181.328px;\"><span style=\"font-size: medium;\">CREG \u2013 Comisi\u00f3n de Regulaci\u00f3n de Energ\u00eda y Gas<\/span><\/td>\n<td style=\"width: 221.219px;\"><span data-sheets-root=\"1\" data-sheets-value=\"{&quot;1&quot;:2,&quot;2&quot;:&quot;Sede electr\u00f3nica Comisi\u00f3n de Regulaci\u00f3n de Energ\u00eda y Gas (CREG)&quot;}\" data-sheets-userformat=\"{&quot;2&quot;:269247,&quot;3&quot;:{&quot;1&quot;:0},&quot;4&quot;:{&quot;1&quot;:2,&quot;2&quot;:16777215},&quot;5&quot;:{&quot;1&quot;:[{&quot;1&quot;:2,&quot;2&quot;:0,&quot;5&quot;:{&quot;1&quot;:2,&quot;2&quot;:4408131}},{&quot;1&quot;:0,&quot;2&quot;:0,&quot;3&quot;:3},{&quot;1&quot;:1,&quot;2&quot;:0,&quot;4&quot;:1}]},&quot;6&quot;:{&quot;1&quot;:[{&quot;1&quot;:2,&quot;2&quot;:0,&quot;5&quot;:{&quot;1&quot;:2,&quot;2&quot;:4408131}},{&quot;1&quot;:0,&quot;2&quot;:0,&quot;3&quot;:3},{&quot;1&quot;:1,&quot;2&quot;:0,&quot;4&quot;:1}]},&quot;7&quot;:{&quot;1&quot;:[{&quot;1&quot;:2,&quot;2&quot;:0,&quot;5&quot;:{&quot;1&quot;:2,&quot;2&quot;:4408131}},{&quot;1&quot;:0,&quot;2&quot;:0,&quot;3&quot;:3},{&quot;1&quot;:1,&quot;2&quot;:0,&quot;4&quot;:1}]},&quot;8&quot;:{&quot;1&quot;:[{&quot;1&quot;:2,&quot;2&quot;:0,&quot;5&quot;:{&quot;1&quot;:2,&quot;2&quot;:4408131}},{&quot;1&quot;:0,&quot;2&quot;:0,&quot;3&quot;:3},{&quot;1&quot;:1,&quot;2&quot;:0,&quot;4&quot;:1}]},&quot;10&quot;:1,&quot;11&quot;:4,&quot;12&quot;:0,&quot;14&quot;:{&quot;1&quot;:2,&quot;2&quot;:1136076},&quot;15&quot;:&quot;\\&quot;Aptos Narrow\\&quot;, sans-serif&quot;,&quot;21&quot;:1}\" data-sheets-hyperlink=\"https:\/\/creg.gov.co\/\"><a class=\"in-cell-link\" href=\"https:\/\/creg.gov.co\/\" target=\"_blank\" rel=\"noopener\">Sede electr\u00f3nica Comisi\u00f3n de Regulaci\u00f3n de Energ\u00eda y Gas (CREG)<\/a><\/span><\/td>\n<td style=\"width: 271.312px;\">\n<p><span style=\"font-weight: 400; font-size: medium;\">Av. Calle 116 No. 7-15 Edificio Cusezar Int. 2 Oficina 90 \u2013 Bogot\u00e1 D.C., Colombia<\/span><\/p>\n<p><span style=\"font-weight: 400; font-size: medium;\">PBX: 01 8000 512734\u00a0 <br \/>(57 601) 603 2020<\/span><\/p>\n<p><span style=\"font-weight: 400; font-size: medium;\">Correo Institucional: creg@creg.gov.co \u00a0 contactenos@creg.gov.co<\/span><\/p>\n<\/td>\n<td style=\"width: 175.625px;\">\n<p><span style=\"font-weight: 400; font-size: medium;\">Regulaci\u00f3n y emite los par\u00e1metros regulatorios.<\/span><\/p>\n<p><span style=\"font-weight: 400; font-size: medium;\">Sujetos regulados: Termoyopal Generaci\u00f3n 2 SAS ESP \/ Central Termoel\u00e9ctrica el<\/span><\/p>\n<p><span style=\"font-weight: 400; font-size: medium;\">Morro 2 SAS ESP \/ TY GAS SAS ESP.<\/span><\/p>\n<\/td>\n<\/tr>\n<tr style=\"width: 500px;\">\n<td style=\"width: 181.328px;\">Ministerio de<br \/> Minas y Energ\u00eda<\/td>\n<td style=\"width: 221.219px;\">https:\/\/minminas.gov.<br \/> co\/<\/td>\n<td style=\"width: 271.312px;\">Calle 43 No. 57 \u2013 31 CAN \u2013 Bogot\u00e1 D.C., Colombia, <br \/>PBX: 01 8000 910 180 <br \/>(57 601) 220 0300<br \/>Correo Institucional: menergia@minenergia.gov.co<br \/>Para registrar su PQRS: menergia@minenergia.gov.co<\/td>\n<td style=\"width: 175.625px;\">1. Formular, adoptar, dirigir y coordinar la<br \/> pol\u00edtica nacional en materia de<br \/> exploraci\u00f3n, exportaci\u00f3n, transporte,<br \/> refinaci\u00f3n, procesamiento, beneficio,<br \/> transformaci\u00f3n y distribuci\u00f3n de<br \/> minerales, hidrocarburos y<br \/> biocombustibles.<br \/> 2. Formular, adoptar, dirigir y coordinar la<br \/> pol\u00edtica en materia de generaci\u00f3n,<br \/> transmisi\u00f3n, distribuci\u00f3n y<br \/> comercializaci\u00f3n de energ\u00eda el\u00e9ctrica.<br \/> Sujetos vigilados: Termoyopal<br \/> Generaci\u00f3n 2 SAS ESP \/ Central<br \/> Termoel\u00e9ctrica el Morro 2 SAS ESP \/<br \/> TY GAS SAS ESP.<\/td>\n<\/tr>\n<tr style=\"width: 500px;\">\n<td style=\"width: 181.328px;\">Superintendencia<br \/> de Servicios<br \/> P\u00fablicos<br \/> Domiciliarios<\/td>\n<td style=\"width: 221.219px;\">http:\/\/www.superservi<br \/> cios.gov.co\/<\/td>\n<td style=\"width: 271.312px;\">Carrera 18 No. 84-35 \u2013Bogot\u00e1 D.C., Colombia<br \/>PBX: 01 8000 910 305<br \/>(57 601) 691 3005<br \/>Correo Institucional: sspd@superservicios.gov.co<\/td>\n<td style=\"width: 175.625px;\">Tipo de vigilancia: Inspecci\u00f3n,<br \/> vigilancia y control sobre la prestaci\u00f3n<br \/> de los servicios p\u00fablicos domiciliarios<br \/> de energ\u00eda el\u00e9ctrica y gas.<br \/> Sujetos vigilados: Termoyopal<br \/> Generaci\u00f3n 2 SAS ESP \/ Central<br \/> Termoel\u00e9ctrica el<br \/> Morro 2 SAS ESP \/ TY GAS SAS ESP.<\/td>\n<\/tr>\n<tr style=\"width: 500px;\">\n<td style=\"width: 181.328px;\">Ministerio de<br \/> Justicia y del<br \/> Derecho<\/td>\n<td style=\"width: 221.219px;\">https:\/\/minjusticia.gov<br \/> .co\/<\/td>\n<td style=\"width: 271.312px;\">Calle 53 No. 13 \u2013 27 \u2013Bogot\u00e1 D.C \u2013 Colombia<br \/>PBX:01 8000 911 170<br \/>(57 601) 444 3100<br \/> Correo Institucional:<br \/> notificaciones.judiciales@min<br \/> justicia.gov.co<\/td>\n<td style=\"width: 175.625px;\">Tipo de vigilancia: autorizaci\u00f3n de<br \/> manejo de sustancias controladas.<br \/> Sujetos vigilados: TY GAS SAS ESP.<\/td>\n<\/tr>\n<\/tbody>\n<\/table>\n<p>[\/et_pb_text][\/et_pb_column][\/et_pb_row][\/et_pb_section]<\/p>\n","protected":false},"excerpt":{"rendered":"<p>[et_pb_section fb_built=\u00bb1&#8243; fullwidth=\u00bbon\u00bb admin_label=\u00bbPage Header\u00bb _builder_version=\u00bb4.5.2&#8243; background_image=\u00bbhttps:\/\/termoyopal.com.co\/web\/wp-content\/uploads\/2021\/03\/planta-termo.jpg\u00bb][et_pb_fullwidth_header title=\u00bbEntidades de vigilancia y control\u00bb text_orientation=\u00bbcenter\u00bb admin_label=\u00bbHero Section\u00bb _builder_version=\u00bb4.5.2&#8243; title_font=\u00bbMontserrat|on|||\u00bb title_font_size=\u00bb60px\u00bb title_line_height=\u00bb1.4em\u00bb content_font_size=\u00bb22px\u00bb content_line_height=\u00bb1.8em\u00bb subhead_font=\u00bb||||\u00bb background_color=\u00bbrgba(255, 255, 255, 0)\u00bb use_background_color_gradient=\u00bbon\u00bb background_color_gradient_start=\u00bbrgba(73,142,188,0.29)\u00bb background_color_gradient_end=\u00bbrgba(107,156,188,0.29)\u00bb custom_button_one=\u00bbon\u00bb button_one_text_size=\u00bb16px\u00bb button_one_bg_color=\u00bb#6eba01&#8243; button_one_border_width=\u00bb2px\u00bb button_one_border_color=\u00bb#6eba01&#8243; button_one_border_radius=\u00bb0&#8243; button_one_letter_spacing=\u00bb2&#8243; button_one_font=\u00bbMontserrat|||on|\u00bb button_one_use_icon=\u00bboff\u00bb custom_button_two=\u00bbon\u00bb button_two_text_size=\u00bb16px\u00bb button_two_border_width=\u00bb2px\u00bb button_two_border_color=\u00bb#ffffff\u00bb button_two_border_radius=\u00bb0&#8243; button_two_letter_spacing=\u00bb2&#8243; button_two_font=\u00bbMontserrat|||on|\u00bb button_two_use_icon=\u00bboff\u00bb module_alignment=\u00bbleft\u00bb animation_style=\u00bbfade\u00bb button_one_text_color_hover=\u00bb#6eba01&#8243; button_two_text_color_hover=\u00bb#6eba01&#8243; button_one_border_color_hover=\u00bb#ffffff\u00bb button_two_border_color_hover=\u00bb#ffffff\u00bb button_one_border_radius_hover=\u00bb0&#8243; button_two_border_radius_hover=\u00bb0&#8243; button_one_letter_spacing_hover=\u00bb2&#8243; [&hellip;]<\/p>\n","protected":false},"author":1,"featured_media":0,"parent":0,"menu_order":0,"comment_status":"closed","ping_status":"closed","template":"","meta":{"_et_pb_use_builder":"on","_et_pb_old_content":"","_et_gb_content_width":"","footnotes":""},"class_list":["post-1268","page","type-page","status-publish","hentry"],"_links":{"self":[{"href":"https:\/\/termoyopal.com.co\/web\/wp-json\/wp\/v2\/pages\/1268","targetHints":{"allow":["GET"]}}],"collection":[{"href":"https:\/\/termoyopal.com.co\/web\/wp-json\/wp\/v2\/pages"}],"about":[{"href":"https:\/\/termoyopal.com.co\/web\/wp-json\/wp\/v2\/types\/page"}],"author":[{"embeddable":true,"href":"https:\/\/termoyopal.com.co\/web\/wp-json\/wp\/v2\/users\/1"}],"replies":[{"embeddable":true,"href":"https:\/\/termoyopal.com.co\/web\/wp-json\/wp\/v2\/comments?post=1268"}],"version-history":[{"count":10,"href":"https:\/\/termoyopal.com.co\/web\/wp-json\/wp\/v2\/pages\/1268\/revisions"}],"predecessor-version":[{"id":1617,"href":"https:\/\/termoyopal.com.co\/web\/wp-json\/wp\/v2\/pages\/1268\/revisions\/1617"}],"wp:attachment":[{"href":"https:\/\/termoyopal.com.co\/web\/wp-json\/wp\/v2\/media?parent=1268"}],"curies":[{"name":"wp","href":"https:\/\/api.w.org\/{rel}","templated":true}]}}