{"id":1251,"date":"2022-09-26T17:46:47","date_gmt":"2022-09-26T17:46:47","guid":{"rendered":"https:\/\/termoyopal.com.co\/web\/?page_id=1251"},"modified":"2022-09-26T17:53:10","modified_gmt":"2022-09-26T17:53:10","slug":"preguntas-frecuentes","status":"publish","type":"page","link":"https:\/\/termoyopal.com.co\/web\/preguntas-frecuentes\/","title":{"rendered":"Preguntas Frecuentes"},"content":{"rendered":"<p>[et_pb_section fb_built=\u00bb1&#8243; fullwidth=\u00bbon\u00bb admin_label=\u00bbPage Header\u00bb _builder_version=\u00bb4.5.2&#8243; background_image=\u00bbhttps:\/\/termoyopal.com.co\/web\/wp-content\/uploads\/2021\/03\/planta-termo.jpg\u00bb][et_pb_fullwidth_header title=\u00bbPreguntas Frecuentes\u00bb text_orientation=\u00bbcenter\u00bb admin_label=\u00bbHero Section\u00bb _builder_version=\u00bb4.5.2&#8243; title_font=\u00bbMontserrat|on|||\u00bb title_font_size=\u00bb60px\u00bb title_line_height=\u00bb1.4em\u00bb content_font_size=\u00bb22px\u00bb content_line_height=\u00bb1.8em\u00bb subhead_font=\u00bb||||\u00bb background_color=\u00bbrgba(255, 255, 255, 0)\u00bb use_background_color_gradient=\u00bbon\u00bb background_color_gradient_start=\u00bbrgba(73,142,188,0.29)\u00bb background_color_gradient_end=\u00bbrgba(107,156,188,0.29)\u00bb custom_button_one=\u00bbon\u00bb button_one_text_size=\u00bb16px\u00bb button_one_bg_color=\u00bb#6eba01&#8243; button_one_border_width=\u00bb2px\u00bb button_one_border_color=\u00bb#6eba01&#8243; button_one_border_radius=\u00bb0&#8243; button_one_letter_spacing=\u00bb2&#8243; button_one_font=\u00bbMontserrat|||on|\u00bb button_one_use_icon=\u00bboff\u00bb custom_button_two=\u00bbon\u00bb button_two_text_size=\u00bb16px\u00bb button_two_border_width=\u00bb2px\u00bb button_two_border_color=\u00bb#ffffff\u00bb button_two_border_radius=\u00bb0&#8243; button_two_letter_spacing=\u00bb2&#8243; button_two_font=\u00bbMontserrat|||on|\u00bb button_two_use_icon=\u00bboff\u00bb module_alignment=\u00bbleft\u00bb animation_style=\u00bbfade\u00bb button_one_text_color_hover=\u00bb#6eba01&#8243; button_two_text_color_hover=\u00bb#6eba01&#8243; button_one_border_color_hover=\u00bb#ffffff\u00bb button_two_border_color_hover=\u00bb#ffffff\u00bb button_one_border_radius_hover=\u00bb0&#8243; button_two_border_radius_hover=\u00bb0&#8243; button_one_letter_spacing_hover=\u00bb2&#8243; button_two_letter_spacing_hover=\u00bb2&#8243; button_one_bg_color_hover=\u00bb#ffffff\u00bb button_two_bg_color_hover=\u00bb#ffffff\u00bb button_one_text_size__hover_enabled=\u00bboff\u00bb button_two_text_size__hover_enabled=\u00bboff\u00bb button_one_text_color__hover_enabled=\u00bbon\u00bb button_one_text_color__hover=\u00bb#6eba01&#8243; button_two_text_color__hover_enabled=\u00bbon\u00bb button_two_text_color__hover=\u00bb#6eba01&#8243; button_one_border_width__hover_enabled=\u00bboff\u00bb button_two_border_width__hover_enabled=\u00bboff\u00bb button_one_border_color__hover_enabled=\u00bbon\u00bb button_one_border_color__hover=\u00bb#ffffff\u00bb button_two_border_color__hover_enabled=\u00bbon\u00bb button_two_border_color__hover=\u00bb#ffffff\u00bb button_one_border_radius__hover_enabled=\u00bbon\u00bb button_one_border_radius__hover=\u00bb0&#8243; button_two_border_radius__hover_enabled=\u00bbon\u00bb button_two_border_radius__hover=\u00bb0&#8243; button_one_letter_spacing__hover_enabled=\u00bbon\u00bb button_one_letter_spacing__hover=\u00bb2&#8243; button_two_letter_spacing__hover_enabled=\u00bbon\u00bb button_two_letter_spacing__hover=\u00bb2&#8243; button_one_bg_color__hover_enabled=\u00bbon\u00bb button_one_bg_color__hover=\u00bb#ffffff\u00bb button_two_bg_color__hover_enabled=\u00bbon\u00bb button_two_bg_color__hover=\u00bb#ffffff\u00bb][\/et_pb_fullwidth_header][\/et_pb_section][et_pb_section fb_built=\u00bb1&#8243; admin_label=\u00bbServices\u00bb _builder_version=\u00bb3.22&#8243; custom_padding=\u00bb40px||40px|||\u00bb locked=\u00bboff\u00bb][et_pb_row column_structure=\u00bb1_4,3_4&#8243; _builder_version=\u00bb3.25&#8243; background_size=\u00bbinitial\u00bb background_position=\u00bbtop_left\u00bb background_repeat=\u00bbrepeat\u00bb custom_width_px=\u00bb710px\u00bb][et_pb_column type=\u00bb1_4&#8243; _builder_version=\u00bb3.25&#8243; background_position=\u00bbtop_left\u00bb custom_padding=\u00bb|||\u00bb custom_padding__hover=\u00bb|||\u00bb][et_pb_divider divider_weight=\u00bb3px\u00bb disabled_on=\u00bboff|off|off\u00bb _builder_version=\u00bb4.5.2&#8243; background_color_gradient_direction=\u00bb90deg\u00bb max_width=\u00bb100px\u00bb module_alignment=\u00bbleft\u00bb height=\u00bb5px\u00bb custom_margin=\u00bb||20px|\u00bb custom_padding=\u00bb||20px|\u00bb animation_style=\u00bbslide\u00bb animation_direction=\u00bbbottom\u00bb saved_tabs=\u00bball\u00bb locked=\u00bboff\u00bb][\/et_pb_divider][et_pb_sidebar _builder_version=\u00bb4.5.2&#8243; _module_preset=\u00bbdefault\u00bb header_text_color=\u00bb#0072bc\u00bb body_font=\u00bbMontserrat||||||||\u00bb body_text_color=\u00bb#76b143&#8243; body_font_size=\u00bb17px\u00bb][\/et_pb_sidebar][\/et_pb_column][et_pb_column type=\u00bb3_4&#8243; _builder_version=\u00bb3.25&#8243; background_position=\u00bbtop_left\u00bb custom_padding=\u00bb|||\u00bb custom_padding__hover=\u00bb|||\u00bb][et_pb_text _builder_version=\u00bb4.5.2&#8243; _module_preset=\u00bbdefault\u00bb hover_enabled=\u00bb0&#8243;]<\/p>\n<p><a href=\"https:\/\/termoyopal.com.co\/web\/\">INICIO<\/a> &gt; Preguntas Frecuentes<\/p>\n<p>[\/et_pb_text][et_pb_text admin_label=\u00bbServices Section Subtitle\u00bb _builder_version=\u00bb4.5.2&#8243; text_font=\u00bbArial||||||||\u00bb text_line_height=\u00bb1.9em\u00bb background_size=\u00bbinitial\u00bb background_position=\u00bbtop_left\u00bb background_repeat=\u00bbrepeat\u00bb text_orientation=\u00bbjustified\u00bb max_width=\u00bb710px\u00bb module_alignment=\u00bbcenter\u00bb animation_style=\u00bbfold\u00bb animation_direction=\u00bbbottom\u00bb animation_intensity_fold=\u00bb20%\u00bb hover_enabled=\u00bb0&#8243; inline_fonts=\u00bbArial\u00bb]<\/p>\n<p><b>Preguntas Frecuentes<\/b><\/p>\n<p><b>Fecha de publicaci\u00f3n p\u00e1gina web: 4 de enero de 2022.<\/b><\/p>\n<p><span style=\"font-weight: 400;\">A continuaci\u00f3n encontrar\u00e1 las preguntas m\u00e1s frecuentes que pueden hacer los usuarios sobre los aspectos m\u00e1s relevantes de la operaci\u00f3n de Termoyopal Generaci\u00f3n 2 SAS ESP, Central Termoel\u00e9ctrica el Morro 2 SAS ESP y TY GAS SAS ESP:<\/span><\/p>\n<p><b style=\"font-size: 17px;\">\u00bfQu\u00e9 es la Operaci\u00f3n del Sistema Interconectado Nacional?<\/b><span style=\"font-size: 17px;\">\u00a0<\/span><\/p>\n<p><span style=\"font-weight: 400;\">Consiste en efectuar la planeaci\u00f3n, coordinaci\u00f3n, supervisi\u00f3n y control de la operaci\u00f3n integrada de los recursos de generaci\u00f3n y transmisi\u00f3n del Sistema Interconectado Nacional, de acuerdo con lo estipulado en los art\u00edculos 33 y 34 de la Ley 143 de 1994, cumpliendo con el reglamento de operaci\u00f3n expedido por la CREG y los acuerdos t\u00e9cnicos aprobados por el CNO.<\/span><\/p>\n<p><b><\/b><\/p>\n<ul>\n<li aria-level=\"1\"><b>\u00bfCu\u00e1l es la funci\u00f3n de la Planeaci\u00f3n de la Operaci\u00f3n?<\/b><\/li>\n<\/ul>\n<p>\u00a0<span style=\"font-size: 17px;\">Su funci\u00f3n es realizar los an\u00e1lisis el\u00e9ctricos y energ\u00e9ticos sobre el comportamiento esperado del sistema y proveer la informaci\u00f3n de las principales variables con el fin de alcanzar la calidad, confiabilidad y seguridad en la atenci\u00f3n de la demanda de acuerdo con el marco regulatorio vigente.<\/span><\/p>\n<p><b><\/b><\/p>\n<ul>\n<li aria-level=\"1\"><b>\u00bfCu\u00e1l es la finalidad del Despacho Econ\u00f3mico de Generaci\u00f3n de Energ\u00eda?<\/b><\/li>\n<\/ul>\n<p>Su finalidad es programar diariamente la utilizaci\u00f3n de los recursos de generaci\u00f3n del SIN, para atender la demanda con criterios de econom\u00eda, calidad, seguridad y confiabilidad, lo cual se realiza con base en las ofertas de precio y declaraciones de disponibilidad de los generadores y la disponibilidad de la infraestructura de transporte de electricidad. Ofrece informaci\u00f3n sobre ofertas diarias, el programa actualizado de generaci\u00f3n y los costos marginales de la operaci\u00f3n.<\/p>\n<p><b><\/b><\/p>\n<ul>\n<li aria-level=\"1\"><b>\u00bfQu\u00e9 es la administraci\u00f3n del Mercado de Energ\u00eda Mayorista?<\/b><\/li>\n<\/ul>\n<p><span style=\"font-size: 17px;\">Consiste en administrar en forma integral las transacciones comerciales de energ\u00eda y de transporte en el Mercado de Energ\u00eda Mayorista optimizando el intercambio de servicios entre los agentes y garantizando el flujo de fondos mediante la administraci\u00f3n de cuentas, gesti\u00f3n cartera y contabilizaci\u00f3n de las transacciones comerciales propias y del Mercado de Energ\u00eda Mayorista, en forma transparente, oportuna y confiable, de acuerdo con lo estipulado en las Resoluciones de la CREG.<\/span><\/p>\n<p><b><\/b><\/p>\n<ul>\n<li aria-level=\"1\"><b>\u00bfQu\u00e9 hace el Centro Nacional de Despacho?<\/b><\/li>\n<\/ul>\n<p><span style=\"font-size: 17px;\">El Centro Nacional de Despacho (CND) es el encargado de la planeaci\u00f3n, la supervisi\u00f3n y el control de la operaci\u00f3n integrada de los recursos de generaci\u00f3n, interconexi\u00f3n y transmisi\u00f3n del Sistema Interconectado Nacional, teniendo como objetivo una operaci\u00f3n segura, confiable y econ\u00f3mica. El CND est\u00e1 sujeto al cumplimiento del C\u00f3digo de Operaci\u00f3n y a los Acuerdos T\u00e9cnicos del CNO.<\/span><\/p>\n<p><b><\/b><\/p>\n<ul>\n<li aria-level=\"1\"><b>\u00bfQu\u00e9 tipo de operaciones se realizan en la Bolsa de Energ\u00eda?<\/b><\/li>\n<\/ul>\n<p><span style=\"font-size: 17px;\">En el mercado de corto plazo, los generadores diariamente y con resoluci\u00f3n horaria, realizan ofertas de precio por la disponibilidad de energ\u00eda puesta a disposici\u00f3n del sistema. La demanda, representada por los comercializadores, es tomadora de precios con respecto al precio de corto plazo de la energ\u00eda (precio de bolsa), el cual es un \u00fanico precio para todo el sistema en cada hora del d\u00eda, determinado por medio de la corrida de un modelo de despacho de optimizaci\u00f3n horaria sin restricciones de transmisi\u00f3n (despacho ideal), pero considerando las caracter\u00edsticas t\u00e9cnicas de los recursos de generaci\u00f3n.\u00a0<\/span><\/p>\n<p><span style=\"font-weight: 400;\">En el mercado de largo plazo, los agentes comercializadores y generadores registran sus contratos de compra-venta de energ\u00eda ante el Administrador del Sistema de Intercambios Comerciales -ASIC-, para que este determine hora a hora sus transacciones en el mercado de corto plazo &#8211; Bolsa de Energ\u00eda -, las cuales corresponden a la diferencia entre sus obligaciones de compra (y\/o de atenci\u00f3n de la demanda, en el caso de los comercializadores) y de venta (y\/o de entrega de energ\u00eda en el caso de los generadores), valoradas al precio de mercado (precio de bolsa). La facturaci\u00f3n y recaudo de las transacciones de los contratos de largo plazo es responsabilidad de las partes y el registro de los contratos en el ASIC no implica el recaudo de los dineros transados.\u00a0<\/span><\/p>\n<p><b><\/b><\/p>\n<ul>\n<li aria-level=\"1\"><b>\u00bfC\u00f3mo funciona el mercado mayorista el\u00e9ctrico en Colombia?<\/b><\/li>\n<\/ul>\n<p><span style=\"font-size: 17px;\">El mercado mayorista el\u00e9ctrico en Colombia es un mercado competitivo creado por la reforma el\u00e9ctrica (leyes 142 y 143 de 1994) en el cual participan generadores, transmisores, distribuidores, comercializadores y grandes consumidores de electricidad o usuarios no regulados. El ente regulador CREG, establece las reglas aplicables a este mercado.\u00a0<\/span><\/p>\n<p><span style=\"font-size: 17px;\">El mercado se divide en dos segmentos: mercado de contratos bilaterales (largo plazo) y la Bolsa de Energ\u00eda (corto plazo). La energ\u00eda puede ser transada en bolsa o mediante contratos bilatares con otros generadores, comercializadores o directamente con los grandes consumidores o usuarios no regulados (aquellos cuya demanda es 100 kW o 55 MWh\/mes).\u00a0<\/span><\/p>\n<p><span style=\"font-weight: 400;\">La Bolsa de Energ\u00eda (mercado de corto plazo) es un mercado para las 24 horas del d\u00eda siguiente con obligaci\u00f3n de participaci\u00f3n para todos los generadores registrados en el mercado con reglas expl\u00edcitas de cotizaci\u00f3n y en que la energ\u00eda por contratos es independiente del precio de corto plazo.\u00a0<\/span><\/p>\n<p><span style=\"font-weight: 400;\">Los comercializadores son los que atienden usuarios y les prestan el servicio de facturaci\u00f3n. Les pueden vender a los usuarios no regulados a precios libres y los otros a precios regulados. Los comercializadores y usuarios no regulados celebran contratos de energ\u00eda con los generadores, estableciendo el precio de electricidad sin intervenci\u00f3n del estado.\u00a0<\/span><\/p>\n<p><span style=\"font-weight: 400;\">Los usuarios regulados tienen relaci\u00f3n con el mercado mayorista a trav\u00e9s del comportamiento de precios del mercado y de los precios a los cuales realice transacciones su comercializador para atenderlo.<\/span><\/p>\n<p><span style=\"font-weight: 400;\">Los generadores reciben un ingreso adicional proveniente del cargo por confiabilidad cuyo pago depende del aporte que la energ\u00eda que cada generador aporta a la firmeza del sistema y de su disponibilidad real.\u00a0<\/span><\/p>\n<p>Fuentes<\/p>\n<p style=\"text-align: left;\">Preguntas de 1 a la 7: XM, 2020. Consultadas en: <a href=\"https:\/\/www.xm.com.co\/corporativo\/Paginas\/Herramientas\/preguntas-frecuentes.aspx\">https:\/\/www.xm.com.co\/corporativo\/Paginas\/Herramientas\/preguntas-frecuentes.aspx<\/a><span style=\"font-size: 17px; text-align: justify;\">\u00a0<\/span><\/p>\n<ul><\/ul>\n<p>.<\/p>\n<p>[\/et_pb_text][\/et_pb_column][\/et_pb_row][\/et_pb_section]<\/p>\n","protected":false},"excerpt":{"rendered":"<p>[et_pb_section fb_built=\u00bb1&#8243; fullwidth=\u00bbon\u00bb admin_label=\u00bbPage Header\u00bb _builder_version=\u00bb4.5.2&#8243; background_image=\u00bbhttps:\/\/termoyopal.com.co\/web\/wp-content\/uploads\/2021\/03\/planta-termo.jpg\u00bb][et_pb_fullwidth_header title=\u00bbPreguntas Frecuentes\u00bb text_orientation=\u00bbcenter\u00bb admin_label=\u00bbHero Section\u00bb _builder_version=\u00bb4.5.2&#8243; title_font=\u00bbMontserrat|on|||\u00bb title_font_size=\u00bb60px\u00bb title_line_height=\u00bb1.4em\u00bb content_font_size=\u00bb22px\u00bb content_line_height=\u00bb1.8em\u00bb subhead_font=\u00bb||||\u00bb background_color=\u00bbrgba(255, 255, 255, 0)\u00bb use_background_color_gradient=\u00bbon\u00bb background_color_gradient_start=\u00bbrgba(73,142,188,0.29)\u00bb background_color_gradient_end=\u00bbrgba(107,156,188,0.29)\u00bb custom_button_one=\u00bbon\u00bb button_one_text_size=\u00bb16px\u00bb button_one_bg_color=\u00bb#6eba01&#8243; button_one_border_width=\u00bb2px\u00bb button_one_border_color=\u00bb#6eba01&#8243; button_one_border_radius=\u00bb0&#8243; button_one_letter_spacing=\u00bb2&#8243; button_one_font=\u00bbMontserrat|||on|\u00bb button_one_use_icon=\u00bboff\u00bb custom_button_two=\u00bbon\u00bb button_two_text_size=\u00bb16px\u00bb button_two_border_width=\u00bb2px\u00bb button_two_border_color=\u00bb#ffffff\u00bb button_two_border_radius=\u00bb0&#8243; button_two_letter_spacing=\u00bb2&#8243; button_two_font=\u00bbMontserrat|||on|\u00bb button_two_use_icon=\u00bboff\u00bb module_alignment=\u00bbleft\u00bb animation_style=\u00bbfade\u00bb button_one_text_color_hover=\u00bb#6eba01&#8243; button_two_text_color_hover=\u00bb#6eba01&#8243; button_one_border_color_hover=\u00bb#ffffff\u00bb button_two_border_color_hover=\u00bb#ffffff\u00bb button_one_border_radius_hover=\u00bb0&#8243; button_two_border_radius_hover=\u00bb0&#8243; button_one_letter_spacing_hover=\u00bb2&#8243; button_two_letter_spacing_hover=\u00bb2&#8243; button_one_bg_color_hover=\u00bb#ffffff\u00bb button_two_bg_color_hover=\u00bb#ffffff\u00bb [&hellip;]<\/p>\n","protected":false},"author":1,"featured_media":0,"parent":0,"menu_order":0,"comment_status":"closed","ping_status":"closed","template":"","meta":{"_et_pb_use_builder":"on","_et_pb_old_content":"","_et_gb_content_width":"","footnotes":""},"class_list":["post-1251","page","type-page","status-publish","hentry"],"_links":{"self":[{"href":"https:\/\/termoyopal.com.co\/web\/wp-json\/wp\/v2\/pages\/1251","targetHints":{"allow":["GET"]}}],"collection":[{"href":"https:\/\/termoyopal.com.co\/web\/wp-json\/wp\/v2\/pages"}],"about":[{"href":"https:\/\/termoyopal.com.co\/web\/wp-json\/wp\/v2\/types\/page"}],"author":[{"embeddable":true,"href":"https:\/\/termoyopal.com.co\/web\/wp-json\/wp\/v2\/users\/1"}],"replies":[{"embeddable":true,"href":"https:\/\/termoyopal.com.co\/web\/wp-json\/wp\/v2\/comments?post=1251"}],"version-history":[{"count":3,"href":"https:\/\/termoyopal.com.co\/web\/wp-json\/wp\/v2\/pages\/1251\/revisions"}],"predecessor-version":[{"id":1256,"href":"https:\/\/termoyopal.com.co\/web\/wp-json\/wp\/v2\/pages\/1251\/revisions\/1256"}],"wp:attachment":[{"href":"https:\/\/termoyopal.com.co\/web\/wp-json\/wp\/v2\/media?parent=1251"}],"curies":[{"name":"wp","href":"https:\/\/api.w.org\/{rel}","templated":true}]}}