{"id":1244,"date":"2022-09-26T17:40:37","date_gmt":"2022-09-26T17:40:37","guid":{"rendered":"https:\/\/termoyopal.com.co\/web\/?page_id=1244"},"modified":"2022-09-26T17:45:59","modified_gmt":"2022-09-26T17:45:59","slug":"glosario","status":"publish","type":"page","link":"https:\/\/termoyopal.com.co\/web\/glosario\/","title":{"rendered":"Glosario"},"content":{"rendered":"<p>[et_pb_section fb_built=\u00bb1&#8243; fullwidth=\u00bbon\u00bb admin_label=\u00bbPage Header\u00bb _builder_version=\u00bb4.5.2&#8243; background_image=\u00bbhttps:\/\/termoyopal.com.co\/web\/wp-content\/uploads\/2021\/03\/planta-termo.jpg\u00bb][et_pb_fullwidth_header title=\u00bbGlosario\u00bb text_orientation=\u00bbcenter\u00bb admin_label=\u00bbHero Section\u00bb _builder_version=\u00bb4.5.2&#8243; title_font=\u00bbMontserrat|on|||\u00bb title_font_size=\u00bb60px\u00bb title_line_height=\u00bb1.4em\u00bb content_font_size=\u00bb22px\u00bb content_line_height=\u00bb1.8em\u00bb subhead_font=\u00bb||||\u00bb background_color=\u00bbrgba(255, 255, 255, 0)\u00bb use_background_color_gradient=\u00bbon\u00bb background_color_gradient_start=\u00bbrgba(73,142,188,0.29)\u00bb background_color_gradient_end=\u00bbrgba(107,156,188,0.29)\u00bb custom_button_one=\u00bbon\u00bb button_one_text_size=\u00bb16px\u00bb button_one_bg_color=\u00bb#6eba01&#8243; button_one_border_width=\u00bb2px\u00bb button_one_border_color=\u00bb#6eba01&#8243; button_one_border_radius=\u00bb0&#8243; button_one_letter_spacing=\u00bb2&#8243; button_one_font=\u00bbMontserrat|||on|\u00bb button_one_use_icon=\u00bboff\u00bb custom_button_two=\u00bbon\u00bb button_two_text_size=\u00bb16px\u00bb button_two_border_width=\u00bb2px\u00bb button_two_border_color=\u00bb#ffffff\u00bb button_two_border_radius=\u00bb0&#8243; button_two_letter_spacing=\u00bb2&#8243; button_two_font=\u00bbMontserrat|||on|\u00bb button_two_use_icon=\u00bboff\u00bb module_alignment=\u00bbleft\u00bb animation_style=\u00bbfade\u00bb button_one_text_color_hover=\u00bb#6eba01&#8243; button_two_text_color_hover=\u00bb#6eba01&#8243; button_one_border_color_hover=\u00bb#ffffff\u00bb button_two_border_color_hover=\u00bb#ffffff\u00bb button_one_border_radius_hover=\u00bb0&#8243; button_two_border_radius_hover=\u00bb0&#8243; button_one_letter_spacing_hover=\u00bb2&#8243; button_two_letter_spacing_hover=\u00bb2&#8243; button_one_bg_color_hover=\u00bb#ffffff\u00bb button_two_bg_color_hover=\u00bb#ffffff\u00bb button_one_text_size__hover_enabled=\u00bboff\u00bb button_two_text_size__hover_enabled=\u00bboff\u00bb button_one_text_color__hover_enabled=\u00bbon\u00bb button_one_text_color__hover=\u00bb#6eba01&#8243; button_two_text_color__hover_enabled=\u00bbon\u00bb button_two_text_color__hover=\u00bb#6eba01&#8243; button_one_border_width__hover_enabled=\u00bboff\u00bb button_two_border_width__hover_enabled=\u00bboff\u00bb button_one_border_color__hover_enabled=\u00bbon\u00bb button_one_border_color__hover=\u00bb#ffffff\u00bb button_two_border_color__hover_enabled=\u00bbon\u00bb button_two_border_color__hover=\u00bb#ffffff\u00bb button_one_border_radius__hover_enabled=\u00bbon\u00bb button_one_border_radius__hover=\u00bb0&#8243; button_two_border_radius__hover_enabled=\u00bbon\u00bb button_two_border_radius__hover=\u00bb0&#8243; button_one_letter_spacing__hover_enabled=\u00bbon\u00bb button_one_letter_spacing__hover=\u00bb2&#8243; button_two_letter_spacing__hover_enabled=\u00bbon\u00bb button_two_letter_spacing__hover=\u00bb2&#8243; button_one_bg_color__hover_enabled=\u00bbon\u00bb button_one_bg_color__hover=\u00bb#ffffff\u00bb button_two_bg_color__hover_enabled=\u00bbon\u00bb button_two_bg_color__hover=\u00bb#ffffff\u00bb][\/et_pb_fullwidth_header][\/et_pb_section][et_pb_section fb_built=\u00bb1&#8243; admin_label=\u00bbServices\u00bb _builder_version=\u00bb3.22&#8243; custom_padding=\u00bb40px||40px|||\u00bb locked=\u00bboff\u00bb][et_pb_row column_structure=\u00bb1_4,3_4&#8243; _builder_version=\u00bb3.25&#8243; background_size=\u00bbinitial\u00bb background_position=\u00bbtop_left\u00bb background_repeat=\u00bbrepeat\u00bb custom_width_px=\u00bb710px\u00bb][et_pb_column type=\u00bb1_4&#8243; _builder_version=\u00bb3.25&#8243; background_position=\u00bbtop_left\u00bb custom_padding=\u00bb|||\u00bb custom_padding__hover=\u00bb|||\u00bb][et_pb_divider divider_weight=\u00bb3px\u00bb disabled_on=\u00bboff|off|off\u00bb _builder_version=\u00bb4.5.2&#8243; background_color_gradient_direction=\u00bb90deg\u00bb max_width=\u00bb100px\u00bb module_alignment=\u00bbleft\u00bb height=\u00bb5px\u00bb custom_margin=\u00bb||20px|\u00bb custom_padding=\u00bb||20px|\u00bb animation_style=\u00bbslide\u00bb animation_direction=\u00bbbottom\u00bb saved_tabs=\u00bball\u00bb locked=\u00bboff\u00bb][\/et_pb_divider][et_pb_sidebar _builder_version=\u00bb4.5.2&#8243; _module_preset=\u00bbdefault\u00bb header_text_color=\u00bb#0072bc\u00bb body_font=\u00bbMontserrat||||||||\u00bb body_text_color=\u00bb#76b143&#8243; body_font_size=\u00bb17px\u00bb][\/et_pb_sidebar][\/et_pb_column][et_pb_column type=\u00bb3_4&#8243; _builder_version=\u00bb3.25&#8243; background_position=\u00bbtop_left\u00bb custom_padding=\u00bb|||\u00bb custom_padding__hover=\u00bb|||\u00bb][et_pb_text _builder_version=\u00bb4.5.2&#8243; _module_preset=\u00bbdefault\u00bb hover_enabled=\u00bb0&#8243;]<\/p>\n<p><a href=\"https:\/\/termoyopal.com.co\/web\/\">INICIO<\/a> &gt; Glosario<\/p>\n<p>[\/et_pb_text][et_pb_text admin_label=\u00bbServices Section Subtitle\u00bb _builder_version=\u00bb4.5.2&#8243; text_font=\u00bbArial||||||||\u00bb text_line_height=\u00bb1.9em\u00bb background_size=\u00bbinitial\u00bb background_position=\u00bbtop_left\u00bb background_repeat=\u00bbrepeat\u00bb text_orientation=\u00bbjustified\u00bb max_width=\u00bb710px\u00bb module_alignment=\u00bbcenter\u00bb animation_style=\u00bbfold\u00bb animation_direction=\u00bbbottom\u00bb animation_intensity_fold=\u00bb20%\u00bb inline_fonts=\u00bbArial\u00bb]<\/p>\n<p><b>Glosario<\/b><\/p>\n<p><b>Fecha de publicaci\u00f3n p\u00e1gina web: 4 de enero de 2022.<\/b><\/p>\n<p><span style=\"font-size: 17px;\">A continuaci\u00f3n encontrar\u00e1 el significado de las siglas as\u00ed como de los conceptos m\u00e1s destacados de las actividades de Termoyopal Generaci\u00f3n 2 SAS ESP, Central Termoel\u00e9ctrica el Morro 2 SAS ESP y TY GAS SAS ESP:<\/span><\/p>\n<p><b>ASIC<\/b><span style=\"font-weight: 400;\">: <\/span><span style=\"font-weight: 400;\">Administrador del Sistema de Intercambios Comerciales (ASIC). Dependencia del Centro Nacional de Despacho de que tratan las leyes 142 y 143 de 1994, encargada del registro de fronteras comerciales, de los contratos de energ\u00eda a largo plazo; de la liquidaci\u00f3n, facturaci\u00f3n, cobro y pago del valor de los actos, contratos, transacciones y en general de todas las obligaciones que resulten por el intercambio de energ\u00eda en la bolsa, para generadores y comercializadores; de las Subastas de Obligaciones de Energ\u00eda Firme; del mantenimiento de los sistemas de informaci\u00f3n y programas de computaci\u00f3n requeridos; y del cumplimiento de las dem\u00e1s tareas que sean necesarias para el funcionamiento adecuado del Sistema de Intercambios Comerciales (SIC).<\/span><\/p>\n<p><b>Captaci\u00f3n<\/b><span style=\"font-weight: 400;\">: <\/span><span style=\"font-weight: 400;\">Estructura a nivel del terreno mediante la cual se hace uso y aprovechamiento del agua de la fuente que corresponda, ya sea por gravedad o por bombeo<\/span><\/p>\n<p><b>Carro tanque: <\/b><span style=\"font-weight: 400;\">Dep\u00f3sito m\u00f3vil de almacenamiento de gasolina natural de capacidad variable, remolcado por un tracto cami\u00f3n.<\/span><\/p>\n<p><b>Chimenea<\/b><b>:<\/b><span style=\"font-weight: 400;\"> Conducto vertical destinado a dar salida a humos u otro tipo de gases<\/span><\/p>\n<p><b>Cisterna: <\/b><span style=\"font-weight: 400;\">Dep\u00f3sito m\u00f3vil de almacenamiento de GLP de capacidad variable, remolcado por un tracto cami\u00f3n.<\/span><\/p>\n<p><b style=\"font-size: 17px;\">CND<\/b><span style=\"font-size: 17px;\">: <\/span><b style=\"font-size: 17px;\">Centro Nacional de Despacho: <\/b><span style=\"font-size: 17px;\">Entidad que asuma sus funciones, conforme a lo establecido en el Decreto 1171 de 1999. Es la dependencia encargada de la planeaci\u00f3n, supervisi\u00f3n y control de la operaci\u00f3n integrada de los recursos de generaci\u00f3n, interconexi\u00f3n y transmisi\u00f3n del sistema interconectado nacional. Est\u00e1 igualmente encargado de dar las instrucciones a los Centros Regionales de Despacho para coordinar las maniobras de las instalaciones con el fin de tener una operaci\u00f3n segura, confiable y ce\u00f1ida al reglamento de operaci\u00f3n y a todos los acuerdos del Consejo Nacional de Operaci\u00f3n.<\/span><\/p>\n<p><b>Conducci\u00f3n:<\/b> <span style=\"font-weight: 400;\">Dentro de un sistema de abastecimiento de agua, se le llama l\u00ednea de conducci\u00f3n, al conjunto integrado por tuber\u00edas, y dispositivos de control, que permiten el transporte del agua<\/span><\/p>\n<p><b>Contrato bilateral:<\/b> <span style=\"font-weight: 400;\">La contrataci\u00f3n bilateral como modalidad de transacci\u00f3n en el MEM consiste en la adquisici\u00f3n del compromiso por parte de generadores y comercializadores o usuarios finales, de comprar y vender electricidad a un plazo mayor de un d\u00eda con un precio, cantidad y dem\u00e1s especificaciones contractuales negociadas libremente por las partes, siguiendo las propiedades de los contratos tipo forward.<\/span><b>\u00a0\u00a0<\/b><\/p>\n<p><b>Cuarto de m\u00e1quinas:<\/b> <span style=\"font-weight: 400;\">Espacio destinado al alojamiento de los generadores.<\/span><\/p>\n<p><b>DANE: Departamento Administrativo Nacional de Estad\u00edstica. <\/b><span style=\"font-weight: 400;\">Es la entidad responsable de la planeaci\u00f3n, levantamiento, procesamiento, an\u00e1lisis y difusi\u00f3n de las estad\u00edsticas oficiales de Colombia.<\/span><\/p>\n<p><b>Despacho Econ\u00f3mico: <\/b><span style=\"font-weight: 400;\">Programaci\u00f3n de la generaci\u00f3n para cubrir la demanda esperada, de tal forma que para cada hora se utilicen los recursos de menor precio, cumpliendo con las condiciones l\u00edmites que tiene el sistema como son los requisitos de reserva rodante, las inflexibilidades y las restricciones.\u00a0<\/span><\/p>\n<p><b style=\"font-size: 17px;\">Despacho Programado: <\/b><span style=\"font-size: 17px;\">Programa de generaci\u00f3n que se realiza para atender una predicci\u00f3n de demanda y que est\u00e1 sujeto a las restricciones del sistema, considerando la declaraci\u00f3n de disponibilidad, la oferta de precios y asignando la generaci\u00f3n por orden de m\u00e9ritos de menor a mayor.\u00a0<\/span><\/p>\n<p><b style=\"font-size: 17px;\">Despacho Real: <\/b><span style=\"font-size: 17px;\">Programa de generaci\u00f3n realmente efectuado por los generadores, el cual se determina con base en las mediciones en las fronteras de los generadores.\u00a0<\/span><\/p>\n<p><b style=\"font-size: 17px;\">Disolvente 1A:<\/b><span style=\"font-size: 17px;\"> Mezcla constituida principalmente por pentanos y hexanos con caracter\u00edsticas como Disolvente y Solvente. Tambi\u00e9n conocido como diluyente, gasolina natural, gasolina primaria, nafta.<\/span><\/p>\n<p><b style=\"font-size: 17px;\">Disponibilidad declarada: <\/b><span style=\"font-size: 17px;\">M\u00e1xima cantidad de potencia neta (expresada en valor entero en megavatios) que un generador puede suministrar al sistema durante el intervalo de tiempo determinado para el despacho econ\u00f3mico o el redespacho, reportada por la empresa propietaria del generador.\u00a0<\/span><\/p>\n<p><b style=\"font-size: 17px;\">DSPCTTO:<\/b><span style=\"font-size: 17px;\"> <\/span><span style=\"font-size: 17px;\">Archivo texto publicado por XM en su p\u00e1gina web, el cual contiene el despacho de los contratos, expresado diariamente en kW.<\/span><\/p>\n<p><b>Energ\u00eda en Firme:<\/b> <span style=\"font-weight: 400;\">Se utiliza para aquella energ\u00eda en un sistema el\u00e9ctrico que est\u00e1 garantizada en todo momento del d\u00eda o del a\u00f1o, no importan las condiciones del sistema, como el estado de la naturaleza (el clima, por ejemplo) en el momento que la demanda requiera la generaci\u00f3n de energ\u00eda el\u00e9ctrica.<\/span><\/p>\n<p><b>Energ\u00eda E\u00f3lica:<\/b> <span style=\"font-weight: 400;\">Es el aprovechamiento de la energ\u00eda cin\u00e9tica de las masas de aires.<\/span><\/p>\n<p><b>Energ\u00eda geot\u00e9rmica:<\/b> <span style=\"font-weight: 400;\">Energ\u00eda renovable que aprovecha el calor del subsuelo.<\/span><\/p>\n<p><b>Energ\u00eda Hidr\u00e1ulica:<\/b><span style=\"font-weight: 400;\"> Es aquella que se obtiene del aprovechamiento de las energ\u00edas cin\u00e9ticas y potenciales de la corriente del agua, saltos de agua o mareas.<\/span><\/p>\n<p><b>Gases:<\/b> <span style=\"font-weight: 400;\">Fluido sin forma ni volumen propios, cuyas mol\u00e9culas tienden a separarse unas de otras y presentan mayor movilidad que las de los l\u00edquidos.<\/span><\/p>\n<p><b>Generaci\u00f3n de Seguridad: <\/b><span style=\"font-weight: 400;\">Generaci\u00f3n que se requiere para garantizar condiciones de seguridad y confiabilidad, en la operaci\u00f3n del Sistema Interconectado Nacional (SIN). Esta generaci\u00f3n es programada por el CND en el Despacho y Redespacho Programado, para que se cumpla los tres criterios fundamentales de la operaci\u00f3n: (Seguridad, Confiabilidad y Econom\u00eda).\u00a0<\/span><\/p>\n<p><b>Geotermia:<\/b> <span style=\"font-weight: 400;\">Conjunto de los fen\u00f3menos t\u00e9rmicos que tienen lugar en el interior de la Tierra.<\/span><\/p>\n<p><b>GLP: <\/b><span style=\"font-weight: 400;\">es la mezcla de gases licuados presentes en el gas natural o disuelto en el petr\u00f3leo. Los componentes del GLP, aunque a temperatura y presi\u00f3n ambientales son gases, son f\u00e1ciles de licuar, de ah\u00ed su nombre. En la pr\u00e1ctica, se puede decir que los GLP son una mezcla de propano y butano.<\/span><\/p>\n<p><b>Inversor<\/b><span style=\"font-weight: 400;\">: <\/span><span style=\"font-weight: 400;\">Dispositivo que cambia o transforma una tensi\u00f3n de entrada de corriente continua a una tensi\u00f3n sim\u00e9trica de salida (senoidal, cuadrada o triangular) de corriente alterna<\/span><\/p>\n<p><b>KW:<\/b> <span style=\"font-weight: 400;\">KiloWatt<\/span><\/p>\n<p><b>MF:<\/b><span style=\"font-weight: 400;\"> Meter Factor.\u00a0<\/span><\/p>\n<p><b>MW:<\/b> <span style=\"font-weight: 400;\">MegaWatt<\/span><\/p>\n<p><b>Nominaci\u00f3n: <\/b><span style=\"font-weight: 400;\">Solicitud de suministro de producto (diaria, semanal o mensual) presentada por el vendedor al comprador que especifica la cantidad requerida de producto.<\/span><\/p>\n<p><b>OEF:<\/b><span style=\"font-weight: 400;\"> obligaci\u00f3n de Energ\u00eda en Firme<\/span><\/p>\n<p><b>PCH:<\/b><span style=\"font-weight: 400;\"> Peque\u00f1a Central Hidroel\u00e9ctrica<\/span><\/p>\n<p><b>Piscina de enfriamiento:<\/b><span style=\"font-weight: 400;\"> Estanque que almacena bajo agua elementos combustibles irradiados u otros materiales activos hasta que se reduce su radiactividad por debajo de un valor prefijado.<\/span><\/p>\n<p><b>PMA:<\/b> <span style=\"font-weight: 400;\">Plan de Manejo Ambiental<\/span><\/p>\n<p><b>Precio de Arranque-Parada: <\/b><span style=\"font-weight: 400;\">Es el valor, expresado en d\u00f3lares de los Estados Unidos de Norte Am\u00e9rica, ofertado por un agente generador al Centro Nacional de Despacho por un arranque-parada de cada planta o unidad t\u00e9rmica que representa comercialmente en el Mercado de Energ\u00eda Mayorista.\u00a0<\/span><\/p>\n<p><b style=\"font-size: 17px;\">PSG<\/b><span style=\"font-size: 17px;\">:<\/span><span style=\"font-size: 17px;\"> Planta de secado de gas<\/span><\/p>\n<p><b style=\"font-size: 17px;\">PWA:<\/b><span style=\"font-size: 17px;\"> Presi\u00f3n promedio en medidor<\/span><\/p>\n<p><b>Redespacho:<\/b> <span style=\"font-weight: 400;\">Ajustes del despacho debido a cambios en los supuestos del sistema como la salida de unidades o aumento de disponibilidad.<\/span><\/p>\n<p><b>Rotor:<\/b> <span style=\"font-weight: 400;\">Pieza de una m\u00e1quina electromagn\u00e9tica o de una turbina que gira dentro de un elemento fijo<\/span><\/p>\n<p><b>RSE:<\/b> <span style=\"font-weight: 400;\">Responsabilidad Social Empresarial<\/span><\/p>\n<p><b>SIN:<\/b> <span style=\"font-weight: 400;\">Sistema Interconectado Nacional<\/span><\/p>\n<p><b>Subestaci\u00f3n:<\/b><span style=\"font-weight: 400;\"> Es una instalaci\u00f3n destinada a establecer los niveles de tensi\u00f3n adecuados para la transmisi\u00f3n y distribuci\u00f3n de la energ\u00eda el\u00e9ctrica<\/span><\/p>\n<p><b>Transmisi\u00f3n:<\/b><span style=\"font-weight: 400;\"> Es la parte del sistema de suministro el\u00e9ctrico constituida por los elementos necesarios para llevar hasta los puntos de consumo y a trav\u00e9s de grandes distancias, la energ\u00eda el\u00e9ctrica generada en las centrales el\u00e9ctricas<\/span><\/p>\n<p><b>Tuber\u00eda de carga:<\/b><span style=\"font-weight: 400;\"> Tuber\u00eda responsable no s\u00f3lo de la conducci\u00f3n del agua hacia la turbina, sino tambi\u00e9n es el dep\u00f3sito que crea presi\u00f3n en el caudal con una ca\u00edda de aumento vertical.<\/span><\/p>\n<p><b>TWA:<\/b><span style=\"font-weight: 400;\"> Temperatura promedio en medidor<\/span><\/p>\n<p><b>UPME:<\/b> <span style=\"font-weight: 400;\">Unidad de Planeaci\u00f3n Minero Energ\u00e9tica<\/span><\/p>\n<p><b>XM: <\/b><span style=\"font-weight: 400;\">Compa\u00f1\u00eda de Expertos en Mercados<\/span><\/p>\n<p>&nbsp;<\/p>\n<ul><\/ul>\n<p>.<\/p>\n<p>[\/et_pb_text][\/et_pb_column][\/et_pb_row][\/et_pb_section]<\/p>\n","protected":false},"excerpt":{"rendered":"<p>[et_pb_section fb_built=\u00bb1&#8243; fullwidth=\u00bbon\u00bb admin_label=\u00bbPage Header\u00bb _builder_version=\u00bb4.5.2&#8243; background_image=\u00bbhttps:\/\/termoyopal.com.co\/web\/wp-content\/uploads\/2021\/03\/planta-termo.jpg\u00bb][et_pb_fullwidth_header title=\u00bbGlosario\u00bb text_orientation=\u00bbcenter\u00bb admin_label=\u00bbHero Section\u00bb _builder_version=\u00bb4.5.2&#8243; title_font=\u00bbMontserrat|on|||\u00bb title_font_size=\u00bb60px\u00bb title_line_height=\u00bb1.4em\u00bb content_font_size=\u00bb22px\u00bb content_line_height=\u00bb1.8em\u00bb subhead_font=\u00bb||||\u00bb background_color=\u00bbrgba(255, 255, 255, 0)\u00bb use_background_color_gradient=\u00bbon\u00bb background_color_gradient_start=\u00bbrgba(73,142,188,0.29)\u00bb background_color_gradient_end=\u00bbrgba(107,156,188,0.29)\u00bb custom_button_one=\u00bbon\u00bb button_one_text_size=\u00bb16px\u00bb button_one_bg_color=\u00bb#6eba01&#8243; button_one_border_width=\u00bb2px\u00bb button_one_border_color=\u00bb#6eba01&#8243; button_one_border_radius=\u00bb0&#8243; button_one_letter_spacing=\u00bb2&#8243; button_one_font=\u00bbMontserrat|||on|\u00bb button_one_use_icon=\u00bboff\u00bb custom_button_two=\u00bbon\u00bb button_two_text_size=\u00bb16px\u00bb button_two_border_width=\u00bb2px\u00bb button_two_border_color=\u00bb#ffffff\u00bb button_two_border_radius=\u00bb0&#8243; button_two_letter_spacing=\u00bb2&#8243; button_two_font=\u00bbMontserrat|||on|\u00bb button_two_use_icon=\u00bboff\u00bb module_alignment=\u00bbleft\u00bb animation_style=\u00bbfade\u00bb button_one_text_color_hover=\u00bb#6eba01&#8243; button_two_text_color_hover=\u00bb#6eba01&#8243; button_one_border_color_hover=\u00bb#ffffff\u00bb button_two_border_color_hover=\u00bb#ffffff\u00bb button_one_border_radius_hover=\u00bb0&#8243; button_two_border_radius_hover=\u00bb0&#8243; button_one_letter_spacing_hover=\u00bb2&#8243; button_two_letter_spacing_hover=\u00bb2&#8243; button_one_bg_color_hover=\u00bb#ffffff\u00bb button_two_bg_color_hover=\u00bb#ffffff\u00bb button_one_text_size__hover_enabled=\u00bboff\u00bb [&hellip;]<\/p>\n","protected":false},"author":1,"featured_media":0,"parent":0,"menu_order":0,"comment_status":"closed","ping_status":"closed","template":"","meta":{"_et_pb_use_builder":"on","_et_pb_old_content":"","_et_gb_content_width":"","footnotes":""},"class_list":["post-1244","page","type-page","status-publish","hentry"],"_links":{"self":[{"href":"https:\/\/termoyopal.com.co\/web\/wp-json\/wp\/v2\/pages\/1244","targetHints":{"allow":["GET"]}}],"collection":[{"href":"https:\/\/termoyopal.com.co\/web\/wp-json\/wp\/v2\/pages"}],"about":[{"href":"https:\/\/termoyopal.com.co\/web\/wp-json\/wp\/v2\/types\/page"}],"author":[{"embeddable":true,"href":"https:\/\/termoyopal.com.co\/web\/wp-json\/wp\/v2\/users\/1"}],"replies":[{"embeddable":true,"href":"https:\/\/termoyopal.com.co\/web\/wp-json\/wp\/v2\/comments?post=1244"}],"version-history":[{"count":3,"href":"https:\/\/termoyopal.com.co\/web\/wp-json\/wp\/v2\/pages\/1244\/revisions"}],"predecessor-version":[{"id":1250,"href":"https:\/\/termoyopal.com.co\/web\/wp-json\/wp\/v2\/pages\/1244\/revisions\/1250"}],"wp:attachment":[{"href":"https:\/\/termoyopal.com.co\/web\/wp-json\/wp\/v2\/media?parent=1244"}],"curies":[{"name":"wp","href":"https:\/\/api.w.org\/{rel}","templated":true}]}}