{"id":1213,"date":"2022-09-26T16:40:13","date_gmt":"2022-09-26T16:40:13","guid":{"rendered":"https:\/\/termoyopal.com.co\/web\/?page_id=1213"},"modified":"2022-09-26T17:18:23","modified_gmt":"2022-09-26T17:18:23","slug":"datos-abiertos","status":"publish","type":"page","link":"https:\/\/termoyopal.com.co\/web\/datos-abiertos\/","title":{"rendered":"Datos abiertos"},"content":{"rendered":"<p>[et_pb_section fb_built=\u00bb1&#8243; fullwidth=\u00bbon\u00bb admin_label=\u00bbPage Header\u00bb _builder_version=\u00bb4.5.2&#8243; background_image=\u00bbhttps:\/\/termoyopal.com.co\/web\/wp-content\/uploads\/2021\/03\/planta-termo.jpg\u00bb][et_pb_fullwidth_header title=\u00bbDatos abiertos\u00bb text_orientation=\u00bbcenter\u00bb admin_label=\u00bbHero Section\u00bb _builder_version=\u00bb4.5.2&#8243; title_font=\u00bbMontserrat|on|||\u00bb title_font_size=\u00bb60px\u00bb title_line_height=\u00bb1.4em\u00bb content_font_size=\u00bb22px\u00bb content_line_height=\u00bb1.8em\u00bb subhead_font=\u00bb||||\u00bb background_color=\u00bbrgba(255, 255, 255, 0)\u00bb use_background_color_gradient=\u00bbon\u00bb background_color_gradient_start=\u00bbrgba(73,142,188,0.29)\u00bb background_color_gradient_end=\u00bbrgba(107,156,188,0.29)\u00bb custom_button_one=\u00bbon\u00bb button_one_text_size=\u00bb16px\u00bb button_one_bg_color=\u00bb#6eba01&#8243; button_one_border_width=\u00bb2px\u00bb button_one_border_color=\u00bb#6eba01&#8243; button_one_border_radius=\u00bb0&#8243; button_one_letter_spacing=\u00bb2&#8243; button_one_font=\u00bbMontserrat|||on|\u00bb button_one_use_icon=\u00bboff\u00bb custom_button_two=\u00bbon\u00bb button_two_text_size=\u00bb16px\u00bb button_two_border_width=\u00bb2px\u00bb button_two_border_color=\u00bb#ffffff\u00bb button_two_border_radius=\u00bb0&#8243; button_two_letter_spacing=\u00bb2&#8243; button_two_font=\u00bbMontserrat|||on|\u00bb button_two_use_icon=\u00bboff\u00bb module_alignment=\u00bbleft\u00bb animation_style=\u00bbfade\u00bb button_one_text_color_hover=\u00bb#6eba01&#8243; button_two_text_color_hover=\u00bb#6eba01&#8243; button_one_border_color_hover=\u00bb#ffffff\u00bb button_two_border_color_hover=\u00bb#ffffff\u00bb button_one_border_radius_hover=\u00bb0&#8243; button_two_border_radius_hover=\u00bb0&#8243; button_one_letter_spacing_hover=\u00bb2&#8243; button_two_letter_spacing_hover=\u00bb2&#8243; button_one_bg_color_hover=\u00bb#ffffff\u00bb button_two_bg_color_hover=\u00bb#ffffff\u00bb button_one_text_size__hover_enabled=\u00bboff\u00bb button_two_text_size__hover_enabled=\u00bboff\u00bb button_one_text_color__hover_enabled=\u00bbon\u00bb button_one_text_color__hover=\u00bb#6eba01&#8243; button_two_text_color__hover_enabled=\u00bbon\u00bb button_two_text_color__hover=\u00bb#6eba01&#8243; button_one_border_width__hover_enabled=\u00bboff\u00bb button_two_border_width__hover_enabled=\u00bboff\u00bb button_one_border_color__hover_enabled=\u00bbon\u00bb button_one_border_color__hover=\u00bb#ffffff\u00bb button_two_border_color__hover_enabled=\u00bbon\u00bb button_two_border_color__hover=\u00bb#ffffff\u00bb button_one_border_radius__hover_enabled=\u00bbon\u00bb button_one_border_radius__hover=\u00bb0&#8243; button_two_border_radius__hover_enabled=\u00bbon\u00bb button_two_border_radius__hover=\u00bb0&#8243; button_one_letter_spacing__hover_enabled=\u00bbon\u00bb button_one_letter_spacing__hover=\u00bb2&#8243; button_two_letter_spacing__hover_enabled=\u00bbon\u00bb button_two_letter_spacing__hover=\u00bb2&#8243; button_one_bg_color__hover_enabled=\u00bbon\u00bb button_one_bg_color__hover=\u00bb#ffffff\u00bb button_two_bg_color__hover_enabled=\u00bbon\u00bb button_two_bg_color__hover=\u00bb#ffffff\u00bb][\/et_pb_fullwidth_header][\/et_pb_section][et_pb_section fb_built=\u00bb1&#8243; admin_label=\u00bbServices\u00bb _builder_version=\u00bb3.22&#8243; custom_padding=\u00bb40px||40px|||\u00bb locked=\u00bboff\u00bb][et_pb_row column_structure=\u00bb1_4,3_4&#8243; _builder_version=\u00bb3.25&#8243; background_size=\u00bbinitial\u00bb background_position=\u00bbtop_left\u00bb background_repeat=\u00bbrepeat\u00bb custom_width_px=\u00bb710px\u00bb][et_pb_column type=\u00bb1_4&#8243; _builder_version=\u00bb3.25&#8243; background_position=\u00bbtop_left\u00bb custom_padding=\u00bb|||\u00bb custom_padding__hover=\u00bb|||\u00bb][et_pb_divider divider_weight=\u00bb3px\u00bb disabled_on=\u00bboff|off|off\u00bb _builder_version=\u00bb4.5.2&#8243; background_color_gradient_direction=\u00bb90deg\u00bb max_width=\u00bb100px\u00bb module_alignment=\u00bbleft\u00bb height=\u00bb5px\u00bb custom_margin=\u00bb||20px|\u00bb custom_padding=\u00bb||20px|\u00bb animation_style=\u00bbslide\u00bb animation_direction=\u00bbbottom\u00bb saved_tabs=\u00bball\u00bb locked=\u00bboff\u00bb][\/et_pb_divider][et_pb_sidebar _builder_version=\u00bb4.5.2&#8243; _module_preset=\u00bbdefault\u00bb header_text_color=\u00bb#0072bc\u00bb body_font=\u00bbMontserrat||||||||\u00bb body_text_color=\u00bb#76b143&#8243; body_font_size=\u00bb17px\u00bb][\/et_pb_sidebar][\/et_pb_column][et_pb_column type=\u00bb3_4&#8243; _builder_version=\u00bb3.25&#8243; background_position=\u00bbtop_left\u00bb custom_padding=\u00bb|||\u00bb custom_padding__hover=\u00bb|||\u00bb][et_pb_text _builder_version=\u00bb4.5.2&#8243; _module_preset=\u00bbdefault\u00bb]<\/p>\n<p><a href=\"https:\/\/termoyopal.com.co\/web\/\">INICIO<\/a> &gt; Datos abiertos<\/p>\n<p>[\/et_pb_text][et_pb_text admin_label=\u00bbServices Section Subtitle\u00bb _builder_version=\u00bb4.5.2&#8243; text_font=\u00bbArial||||||||\u00bb text_line_height=\u00bb1.9em\u00bb background_size=\u00bbinitial\u00bb background_position=\u00bbtop_left\u00bb background_repeat=\u00bbrepeat\u00bb text_orientation=\u00bbjustified\u00bb max_width=\u00bb710px\u00bb module_alignment=\u00bbcenter\u00bb animation_style=\u00bbfold\u00bb animation_direction=\u00bbbottom\u00bb animation_intensity_fold=\u00bb20%\u00bb inline_fonts=\u00bbArial\u00bb]<\/p>\n<p><b>Abiertos<\/b><\/p>\n<p><span style=\"font-size: 17px;\">Termoyopal Generaci\u00f3n 2 SAS ESP, Central Termoel\u00e9ctrica el Morro 2 SAS ESP y TY GAS SAS ESP, ponen a disposici\u00f3n de la ciudadan\u00eda los datos sin ning\u00fan tipo de limitaci\u00f3n o restricci\u00f3n, esto con el fin de ser utilizados en creaci\u00f3n de servicios que beneficien a la comunidad.<\/span><\/p>\n<p><span style=\"font-size: 17px;\">A continuaci\u00f3n encontrar\u00e1 el conjunto de datos abiertos de la Entidad, los cuales podr\u00e1 <\/span><span style=\"font-size: 17px;\">acceder desde este sitio web o desde el portal de datos abiertos del estado (Datos.gov.co):<\/span><span style=\"font-size: 17px;\">\u00a0<\/span><\/p>\n<table>\n<tbody>\n<tr>\n<td><b>Conjunto de datos<\/b><\/td>\n<td><strong>Enlace<\/strong><\/td>\n<td><b>Frecuencia de Actualizaci\u00f3n<\/b><\/td>\n<\/tr>\n<tr>\n<td><span style=\"font-weight: 400;\">Termoyopal Generaci\u00f3n 2 SAS ESP<\/span><\/td>\n<td><a href=\"https:\/\/www.datos.gov.co\/browse?Infor%20maci%C3%B3n-de-la- Entidad_Nombre-de-la- Entidad=Termoyopal+Generaci%C3% B3n+2+S.A.S+E.S.P&amp;amp;provenance=co mmunity&amp;amp;sortBy=newest\">https:\/\/www.datos.gov.co\/browse?Infor<\/a><br \/> <a href=\"https:\/\/www.datos.gov.co\/browse?Infor%20maci%C3%B3n-de-la- Entidad_Nombre-de-la- Entidad=Termoyopal+Generaci%C3% B3n+2+S.A.S+E.S.P&amp;amp;provenance=co mmunity&amp;amp;sortBy=newest\">maci%C3%B3n-de-la-<\/a><br \/> <a href=\"https:\/\/www.datos.gov.co\/browse?Infor%20maci%C3%B3n-de-la- Entidad_Nombre-de-la- Entidad=Termoyopal+Generaci%C3% B3n+2+S.A.S+E.S.P&amp;amp;provenance=co mmunity&amp;amp;sortBy=newest\">Entidad_Nombre-de-la-<\/a><br \/> <a href=\"https:\/\/www.datos.gov.co\/browse?Infor%20maci%C3%B3n-de-la- Entidad_Nombre-de-la- Entidad=Termoyopal+Generaci%C3% B3n+2+S.A.S+E.S.P&amp;amp;provenance=co mmunity&amp;amp;sortBy=newest\">Entidad=Termoyopal+Generaci%C3%<\/a><br \/> <a href=\"https:\/\/www.datos.gov.co\/browse?Infor%20maci%C3%B3n-de-la- Entidad_Nombre-de-la- Entidad=Termoyopal+Generaci%C3% B3n+2+S.A.S+E.S.P&amp;amp;provenance=co mmunity&amp;amp;sortBy=newest\">B3n+2+S.A.S+E.S.P&amp;amp;provenance=co<\/a><br \/> <a href=\"https:\/\/www.datos.gov.co\/browse?Infor%20maci%C3%B3n-de-la- Entidad_Nombre-de-la- Entidad=Termoyopal+Generaci%C3% B3n+2+S.A.S+E.S.P&amp;amp;provenance=co mmunity&amp;amp;sortBy=newest\">mmunity&amp;amp;sortBy=newest<\/a><\/td>\n<td><span style=\"font-weight: 400;\">Anual<\/span><\/td>\n<\/tr>\n<tr>\n<td><span style=\"font-weight: 400;\">Central Termoel\u00e9ctrica el Morro 2 SAS ESP<\/span><\/td>\n<td><a href=\"https:\/\/www.datos.gov.co\/browse?Infor%20maci%C3%B3n-de-la- Entidad_Nombre-de-la- Entidad=Termoyopal+Generaci%C3% B3n+2+S.A.S+E.S.P&amp;amp;provenance=co mmunity&amp;amp;sortBy=newest\" title=\"https:\/\/www.datos.gov.co\/browse?Infor maci%C3%B3n-de-la- Entidad_Nombre-de-la- Entidad=Termoyopal+Generaci%C3% B3n+2+S.A.S+E.S.P&amp;amp;provenance=co mmunity&amp;amp;sortBy=newest\">https:\/\/www.datos.gov.co\/browse?Infor<\/a><br \/> <a href=\"https:\/\/www.datos.gov.co\/browse?Infor%20maci%C3%B3n-de-la- Entidad_Nombre-de-la- Entidad=Termoyopal+Generaci%C3% B3n+2+S.A.S+E.S.P&amp;amp;provenance=co mmunity&amp;amp;sortBy=newest\" title=\"https:\/\/www.datos.gov.co\/browse?Infor maci%C3%B3n-de-la- Entidad_Nombre-de-la- Entidad=Termoyopal+Generaci%C3% B3n+2+S.A.S+E.S.P&amp;amp;provenance=co mmunity&amp;amp;sortBy=newest\"> maci%C3%B3n-de-la-<\/a><br \/> <a href=\"https:\/\/www.datos.gov.co\/browse?Infor%20maci%C3%B3n-de-la- Entidad_Nombre-de-la- Entidad=Termoyopal+Generaci%C3% B3n+2+S.A.S+E.S.P&amp;amp;provenance=co mmunity&amp;amp;sortBy=newest\" title=\"https:\/\/www.datos.gov.co\/browse?Infor maci%C3%B3n-de-la- Entidad_Nombre-de-la- Entidad=Termoyopal+Generaci%C3% B3n+2+S.A.S+E.S.P&amp;amp;provenance=co mmunity&amp;amp;sortBy=newest\"> Entidad_Nombre-de-la-<\/a><br \/> <a href=\"https:\/\/www.datos.gov.co\/browse?Infor%20maci%C3%B3n-de-la- Entidad_Nombre-de-la- Entidad=Termoyopal+Generaci%C3% B3n+2+S.A.S+E.S.P&amp;amp;provenance=co mmunity&amp;amp;sortBy=newest\" title=\"https:\/\/www.datos.gov.co\/browse?Infor maci%C3%B3n-de-la- Entidad_Nombre-de-la- Entidad=Termoyopal+Generaci%C3% B3n+2+S.A.S+E.S.P&amp;amp;provenance=co mmunity&amp;amp;sortBy=newest\"> Entidad=Termoyopal+Generaci%C3%<\/a><br \/> <a href=\"https:\/\/www.datos.gov.co\/browse?Infor%20maci%C3%B3n-de-la- Entidad_Nombre-de-la- Entidad=Termoyopal+Generaci%C3% B3n+2+S.A.S+E.S.P&amp;amp;provenance=co mmunity&amp;amp;sortBy=newest\" title=\"https:\/\/www.datos.gov.co\/browse?Infor maci%C3%B3n-de-la- Entidad_Nombre-de-la- Entidad=Termoyopal+Generaci%C3% B3n+2+S.A.S+E.S.P&amp;amp;provenance=co mmunity&amp;amp;sortBy=newest\"> B3n+2+S.A.S+E.S.P&amp;amp;provenance=co<\/a><br \/> <a href=\"https:\/\/www.datos.gov.co\/browse?Infor%20maci%C3%B3n-de-la- Entidad_Nombre-de-la- Entidad=Termoyopal+Generaci%C3% B3n+2+S.A.S+E.S.P&amp;amp;provenance=co mmunity&amp;amp;sortBy=newest\" title=\"https:\/\/www.datos.gov.co\/browse?Infor maci%C3%B3n-de-la- Entidad_Nombre-de-la- Entidad=Termoyopal+Generaci%C3% B3n+2+S.A.S+E.S.P&amp;amp;provenance=co mmunity&amp;amp;sortBy=newest\"> mmunity&amp;amp;sortBy=newest<\/a><\/td>\n<td><span style=\"font-weight: 400;\">Anual<\/span><\/td>\n<\/tr>\n<tr>\n<td>TY GAS SAS<br \/> ESP<\/td>\n<td><a href=\"https:\/\/www.datos.gov.co\/browse?Infor%20maci%C3%B3n-de-la- Entidad_Nombre-de-la- Entidad=TY+GAS+S.A.S+E.S.P&amp;amp;prov enance=community&amp;amp;sortBy=newest\">https:\/\/www.datos.gov.co\/browse?Infor<\/a><br \/><a href=\"https:\/\/www.datos.gov.co\/browse?Infor%20maci%C3%B3n-de-la- Entidad_Nombre-de-la- Entidad=TY+GAS+S.A.S+E.S.P&amp;amp;prov enance=community&amp;amp;sortBy=newest\">maci%C3%B3n-de-la-<\/a><br \/><a href=\"https:\/\/www.datos.gov.co\/browse?Infor%20maci%C3%B3n-de-la- Entidad_Nombre-de-la- Entidad=TY+GAS+S.A.S+E.S.P&amp;amp;prov enance=community&amp;amp;sortBy=newest\">Entidad_Nombre-de-la-<\/a><br \/><a href=\"https:\/\/www.datos.gov.co\/browse?Infor%20maci%C3%B3n-de-la- Entidad_Nombre-de-la- Entidad=TY+GAS+S.A.S+E.S.P&amp;amp;prov enance=community&amp;amp;sortBy=newest\">Entidad=TY+GAS+S.A.S+E.S.P&amp;amp;prov<\/a><br \/><a href=\"https:\/\/www.datos.gov.co\/browse?Infor%20maci%C3%B3n-de-la- Entidad_Nombre-de-la- Entidad=TY+GAS+S.A.S+E.S.P&amp;amp;prov enance=community&amp;amp;sortBy=newest\">enance=community&amp;amp;sortBy=newest<\/a><\/td>\n<td><span style=\"font-weight: 400;\">Anual<\/span><\/td>\n<\/tr>\n<\/tbody>\n<\/table>\n<p>&nbsp;<\/p>\n<p><span style=\"font-size: 17px;\">De conformidad con el decreto 103 de 2015, el \u00cdndice de Informaci\u00f3n Clasificada y Reservada es el inventario de la informaci\u00f3n p\u00fablica generada, obtenida, adquirida o controlada por el sujeto obligado, en este caso por Termoyopal Generaci\u00f3n 2 SAS ESP, Central Termoelectrica el Morro 2 SAS ESP y TY GAS SAS ESP, la cual ha sido calificada como clasificada o reservada. La Calificaci\u00f3n efectuada a la informaci\u00f3n obedece a las definiciones establecidas en la Ley 1712 de 2014 en la cual se indic\u00f3:<\/span><\/p>\n<p><span style=\"font-size: 17px;\">Informaci\u00f3n p\u00fablica clasificada. Es aquella informaci\u00f3n que estando en poder o custodia de un sujeto obligado en su calidad de tal, pertenece al \u00e1mbito propio, particular y privado o semiprivado de una persona natural o jur\u00eddica por lo que su acceso podr\u00e1 ser negado o exceptuado, siempre que se trate de las circunstancias leg\u00edtimas y necesarias y los derechos particulares o privados consagrados en el art\u00edculo 18 de esta ley.<\/span><span style=\"font-size: 17px;\">\u00a0<\/span><\/p>\n<p><span style=\"font-size: 17px;\">Informaci\u00f3n p\u00fablica reservada. Es aquella informaci\u00f3n que estando en poder o custodia de un sujeto obligado en su calidad de tal, es exceptuada de acceso a la ciudadan\u00eda por da\u00f1o a intereses p\u00fablicos y bajo cumplimiento de la totalidad de los requisitos consagrados en el art\u00edculo 19 de esta ley.<\/span><span style=\"font-size: 17px;\">\u00a0<\/span><\/p>\n<p><span style=\"font-size: 17px;\">A continuaci\u00f3n se presenta el documento que contiene el listado de la informaci\u00f3n clasificada como reservada y\/o clasificada en la Procuradur\u00eda General de la Naci\u00f3n de acuerdo a lo estipulado en la ley 1712 del 2014 (Ley de transparencia):<\/span><span style=\"font-size: 17px;\">\u00a0<\/span><span style=\"font-size: 17px;\">\u00a0<\/span><\/p>\n<table>\n<tbody>\n<tr>\n<td><b>Descripci\u00f3n\u00a0<\/b><\/td>\n<td><b>V\u00ednculo<\/b><\/td>\n<td><b>Fecha de Publicaci\u00f3n<\/b><\/td>\n<\/tr>\n<tr>\n<td><span style=\"font-weight: 400;\">\u00cdndice de Informaci\u00f3n Clasificada y\/o Reservada \u2013 Termoyopal Generaci\u00f3n 2 SAS ESP<\/span><\/td>\n<td><a href=\"https:\/\/www.termoyopal.com.co\/wp-content\/uploads\/2021\/07\/Indice-de-Informaci%C3%B3n-Reservada-TYG2.xlsx\"><span style=\"font-weight: 400;\">https:\/\/www.termoyopal.com.co\/wp-content\/uploads\/2021\/07\/Indice-de-Informaci%C3%B3n-Reservada-TYG2.xlsx<\/span><\/a><\/td>\n<td><span style=\"font-weight: 400;\">07\/19\/2021<\/span><\/td>\n<\/tr>\n<tr>\n<td><span style=\"font-weight: 400;\">\u00cdndice de Informaci\u00f3n Clasificada y\/o Reservada \u2013 Central Termoel\u00e9ctrica el Morro 2 SAS ESP<\/span><\/td>\n<td><a href=\"https:\/\/www.termoyopal.com.co\/wp-content\/uploads\/2021\/07\/Indice-de-Informaci%C3%B3n-Reservada-EL-MORRO2.xlsx\"><span style=\"font-weight: 400;\">https:\/\/www.termoyopal.com.co\/wp-content\/uploads\/2021\/07\/Indice-de-Informaci%C3%B3n-Reservada-EL-MORRO2.xlsx<\/span><\/a><\/td>\n<td><span style=\"font-weight: 400;\">07\/19\/2021<\/span><\/td>\n<\/tr>\n<tr>\n<td><span style=\"font-weight: 400;\">\u00cdndice de Informaci\u00f3n Clasificada y\/o Reservada \u2013 TY GAS SAS ESP<\/span><\/td>\n<td><a href=\"https:\/\/www.termoyopal.com.co\/wp-content\/uploads\/2021\/07\/Indice-de-Informaci%C3%B3n-Reservada-TYGAS.xlsx\"><span style=\"font-weight: 400;\">https:\/\/www.termoyopal.com.co\/wp-content\/uploads\/2021\/07\/Indice-de-Informaci%C3%B3n-Reservada-TYGAS.xlsx<\/span><\/a><\/td>\n<td><span style=\"font-weight: 400;\">07\/19\/2021<\/span><\/td>\n<\/tr>\n<\/tbody>\n<\/table>\n<p>&nbsp;<\/p>\n<p>&nbsp;<\/p>\n<p>&nbsp;<\/p>\n<p>[\/et_pb_text][\/et_pb_column][\/et_pb_row][\/et_pb_section]<\/p>\n","protected":false},"excerpt":{"rendered":"<p>[et_pb_section fb_built=\u00bb1&#8243; fullwidth=\u00bbon\u00bb admin_label=\u00bbPage Header\u00bb _builder_version=\u00bb4.5.2&#8243; background_image=\u00bbhttps:\/\/termoyopal.com.co\/web\/wp-content\/uploads\/2021\/03\/planta-termo.jpg\u00bb][et_pb_fullwidth_header title=\u00bbDatos abiertos\u00bb text_orientation=\u00bbcenter\u00bb admin_label=\u00bbHero Section\u00bb _builder_version=\u00bb4.5.2&#8243; title_font=\u00bbMontserrat|on|||\u00bb title_font_size=\u00bb60px\u00bb title_line_height=\u00bb1.4em\u00bb content_font_size=\u00bb22px\u00bb content_line_height=\u00bb1.8em\u00bb subhead_font=\u00bb||||\u00bb background_color=\u00bbrgba(255, 255, 255, 0)\u00bb use_background_color_gradient=\u00bbon\u00bb background_color_gradient_start=\u00bbrgba(73,142,188,0.29)\u00bb background_color_gradient_end=\u00bbrgba(107,156,188,0.29)\u00bb custom_button_one=\u00bbon\u00bb button_one_text_size=\u00bb16px\u00bb button_one_bg_color=\u00bb#6eba01&#8243; button_one_border_width=\u00bb2px\u00bb button_one_border_color=\u00bb#6eba01&#8243; button_one_border_radius=\u00bb0&#8243; button_one_letter_spacing=\u00bb2&#8243; button_one_font=\u00bbMontserrat|||on|\u00bb button_one_use_icon=\u00bboff\u00bb custom_button_two=\u00bbon\u00bb button_two_text_size=\u00bb16px\u00bb button_two_border_width=\u00bb2px\u00bb button_two_border_color=\u00bb#ffffff\u00bb button_two_border_radius=\u00bb0&#8243; button_two_letter_spacing=\u00bb2&#8243; button_two_font=\u00bbMontserrat|||on|\u00bb button_two_use_icon=\u00bboff\u00bb module_alignment=\u00bbleft\u00bb animation_style=\u00bbfade\u00bb button_one_text_color_hover=\u00bb#6eba01&#8243; button_two_text_color_hover=\u00bb#6eba01&#8243; button_one_border_color_hover=\u00bb#ffffff\u00bb button_two_border_color_hover=\u00bb#ffffff\u00bb button_one_border_radius_hover=\u00bb0&#8243; button_two_border_radius_hover=\u00bb0&#8243; button_one_letter_spacing_hover=\u00bb2&#8243; button_two_letter_spacing_hover=\u00bb2&#8243; button_one_bg_color_hover=\u00bb#ffffff\u00bb button_two_bg_color_hover=\u00bb#ffffff\u00bb [&hellip;]<\/p>\n","protected":false},"author":1,"featured_media":0,"parent":0,"menu_order":0,"comment_status":"closed","ping_status":"closed","template":"","meta":{"_et_pb_use_builder":"on","_et_pb_old_content":"","_et_gb_content_width":"","footnotes":""},"class_list":["post-1213","page","type-page","status-publish","hentry"],"_links":{"self":[{"href":"https:\/\/termoyopal.com.co\/web\/wp-json\/wp\/v2\/pages\/1213","targetHints":{"allow":["GET"]}}],"collection":[{"href":"https:\/\/termoyopal.com.co\/web\/wp-json\/wp\/v2\/pages"}],"about":[{"href":"https:\/\/termoyopal.com.co\/web\/wp-json\/wp\/v2\/types\/page"}],"author":[{"embeddable":true,"href":"https:\/\/termoyopal.com.co\/web\/wp-json\/wp\/v2\/users\/1"}],"replies":[{"embeddable":true,"href":"https:\/\/termoyopal.com.co\/web\/wp-json\/wp\/v2\/comments?post=1213"}],"version-history":[{"count":6,"href":"https:\/\/termoyopal.com.co\/web\/wp-json\/wp\/v2\/pages\/1213\/revisions"}],"predecessor-version":[{"id":1228,"href":"https:\/\/termoyopal.com.co\/web\/wp-json\/wp\/v2\/pages\/1213\/revisions\/1228"}],"wp:attachment":[{"href":"https:\/\/termoyopal.com.co\/web\/wp-json\/wp\/v2\/media?parent=1213"}],"curies":[{"name":"wp","href":"https:\/\/api.w.org\/{rel}","templated":true}]}}